{"id":1912,"date":"2022-09-12T12:25:04","date_gmt":"2022-09-12T15:25:04","guid":{"rendered":"https:\/\/economicas.unsa.edu.ar\/si\/?page_id=1912"},"modified":"2023-08-11T17:24:54","modified_gmt":"2023-08-11T20:24:54","slug":"conferencistas","status":"publish","type":"page","link":"https:\/\/economicas.unsa.edu.ar\/si\/?page_id=1912","title":{"rendered":"Conferencistas &#8211; Edici\u00f3n 2022"},"content":{"rendered":"\t\t<div data-elementor-type=\"wp-page\" data-elementor-id=\"1912\" class=\"elementor elementor-1912\" data-elementor-settings=\"[]\">\n\t\t\t\t\t\t\t<div class=\"elementor-section-wrap\">\n\t\t\t\t\t\t\t<section class=\"elementor-section elementor-top-section elementor-element elementor-element-0f350d1 elementor-section-boxed elementor-section-height-default elementor-section-height-default\" data-id=\"0f350d1\" data-element_type=\"section\">\n\t\t\t\t\t\t<div class=\"elementor-container elementor-column-gap-default\">\n\t\t\t\t\t<div class=\"elementor-column elementor-col-100 elementor-top-column elementor-element elementor-element-2a8b8a4\" data-id=\"2a8b8a4\" data-element_type=\"column\">\n\t\t\t<div class=\"elementor-widget-wrap\">\n\t\t\t\t\t\t\t\t\t<\/div>\n\t\t<\/div>\n\t\t\t\t\t\t\t<\/div>\n\t\t<\/section>\n\t\t\t\t<section class=\"elementor-section elementor-top-section elementor-element elementor-element-9534118 elementor-section-boxed elementor-section-height-default elementor-section-height-default\" data-id=\"9534118\" data-element_type=\"section\">\n\t\t\t\t\t\t<div class=\"elementor-container elementor-column-gap-default\">\n\t\t\t\t\t<div class=\"elementor-column elementor-col-100 elementor-top-column elementor-element elementor-element-944a968\" data-id=\"944a968\" data-element_type=\"column\">\n\t\t\t<div class=\"elementor-widget-wrap elementor-element-populated\">\n\t\t\t\t\t\t\t\t<div class=\"elementor-element elementor-element-d2e65d3 elementor-widget elementor-widget-heading\" data-id=\"d2e65d3\" data-element_type=\"widget\" data-widget_type=\"heading.default\">\n\t\t\t\t<div class=\"elementor-widget-container\">\n\t\t\t<h2 class=\"elementor-heading-title elementor-size-default\">Edici\u00f3n 2022<\/h2>\t\t<\/div>\n\t\t\t\t<\/div>\n\t\t\t\t\t<\/div>\n\t\t<\/div>\n\t\t\t\t\t\t\t<\/div>\n\t\t<\/section>\n\t\t\t\t<section class=\"elementor-section elementor-top-section elementor-element elementor-element-3649d13 elementor-section-boxed elementor-section-height-default elementor-section-height-default\" data-id=\"3649d13\" data-element_type=\"section\">\n\t\t\t\t\t\t<div class=\"elementor-container elementor-column-gap-default\">\n\t\t\t\t\t<div class=\"elementor-column elementor-col-100 elementor-top-column elementor-element elementor-element-67213ab\" data-id=\"67213ab\" data-element_type=\"column\">\n\t\t\t<div class=\"elementor-widget-wrap elementor-element-populated\">\n\t\t\t\t\t\t\t\t<div class=\"elementor-element elementor-element-5c30b82 elementor-widget elementor-widget-text-editor\" data-id=\"5c30b82\" data-element_type=\"widget\" data-widget_type=\"text-editor.default\">\n\t\t\t\t<div class=\"elementor-widget-container\">\n\t\t\t\t\t\t\t\t<h2 class=\"entry-title\"><span style=\"color: #786aa5;\"><a style=\"color: #786aa5;\" href=\"https:\/\/economicas.unsa.edu.ar\/si\/?p=1879\" rel=\"bookmark\">Conferencistas del \u00c1rea Auditor\u00eda<\/a><\/span><\/h2>\t\t\t\t\t\t<\/div>\n\t\t\t\t<\/div>\n\t\t\t\t<div class=\"elementor-element elementor-element-b3620f0 elementor-widget elementor-widget-text-editor\" data-id=\"b3620f0\" data-element_type=\"widget\" data-widget_type=\"text-editor.default\">\n\t\t\t\t<div class=\"elementor-widget-container\">\n\t\t\t\t\t\t\t\t<h2 class=\"entry-title\"><a href=\"https:\/\/economicas.unsa.edu.ar\/si\/?p=1044\"><span style=\"color: #786aa5;\">Conferencistas del \u00c1rea Jur\u00eddica<\/span><\/a><\/h2>\t\t\t\t\t\t<\/div>\n\t\t\t\t<\/div>\n\t\t\t\t\t<\/div>\n\t\t<\/div>\n\t\t\t\t\t\t\t<\/div>\n\t\t<\/section>\n\t\t\t\t<section class=\"elementor-section elementor-top-section elementor-element elementor-element-639e120 elementor-section-boxed elementor-section-height-default elementor-section-height-default\" data-id=\"639e120\" data-element_type=\"section\">\n\t\t\t\t\t\t<div class=\"elementor-container elementor-column-gap-default\">\n\t\t\t\t\t<div class=\"elementor-column elementor-col-100 elementor-top-column elementor-element elementor-element-1891c43\" data-id=\"1891c43\" data-element_type=\"column\">\n\t\t\t<div class=\"elementor-widget-wrap elementor-element-populated\">\n\t\t\t\t\t\t\t\t<div class=\"elementor-element elementor-element-2b90f24 elementor-widget elementor-widget-text-editor\" data-id=\"2b90f24\" data-element_type=\"widget\" data-widget_type=\"text-editor.default\">\n\t\t\t\t<div class=\"elementor-widget-container\">\n\t\t\t\t\t\t\t\t<h2 class=\"entry-title\"><span style=\"color: #786aa5;\"><a style=\"color: #786aa5;\" href=\"https:\/\/economicas.unsa.edu.ar\/si\/?p=1067\" rel=\"bookmark\">Conferencistas del \u00c1rea Contabilidad<\/a><\/span><\/h2>\t\t\t\t\t\t<\/div>\n\t\t\t\t<\/div>\n\t\t\t\t\t<\/div>\n\t\t<\/div>\n\t\t\t\t\t\t\t<\/div>\n\t\t<\/section>\n\t\t\t\t<section class=\"elementor-section elementor-top-section elementor-element elementor-element-09132a0 elementor-section-boxed elementor-section-height-default elementor-section-height-default\" data-id=\"09132a0\" data-element_type=\"section\">\n\t\t\t\t\t\t<div class=\"elementor-container elementor-column-gap-default\">\n\t\t\t\t\t<div class=\"elementor-column elementor-col-100 elementor-top-column elementor-element elementor-element-be0a444\" data-id=\"be0a444\" data-element_type=\"column\">\n\t\t\t<div class=\"elementor-widget-wrap elementor-element-populated\">\n\t\t\t\t\t\t\t\t<div class=\"elementor-element elementor-element-afed152 elementor-widget elementor-widget-text-editor\" data-id=\"afed152\" data-element_type=\"widget\" data-widget_type=\"text-editor.default\">\n\t\t\t\t<div class=\"elementor-widget-container\">\n\t\t\t\t\t\t\t\t<h2 class=\"entry-title\"><span style=\"color: #786aa5;\"><a style=\"color: #786aa5;\" href=\"https:\/\/economicas.unsa.edu.ar\/si\/?p=1066\" rel=\"bookmark\">Conferencistas del \u00c1rea Administraci\u00f3n<\/a><\/span><\/h2>\t\t\t\t\t\t<\/div>\n\t\t\t\t<\/div>\n\t\t\t\t\t<\/div>\n\t\t<\/div>\n\t\t\t\t\t\t\t<\/div>\n\t\t<\/section>\n\t\t\t\t<section class=\"elementor-section elementor-top-section elementor-element elementor-element-4cea3b1 elementor-section-boxed elementor-section-height-default elementor-section-height-default\" data-id=\"4cea3b1\" data-element_type=\"section\">\n\t\t\t\t\t\t<div class=\"elementor-container elementor-column-gap-default\">\n\t\t\t\t\t<div class=\"elementor-column elementor-col-100 elementor-top-column elementor-element elementor-element-325b8c7\" data-id=\"325b8c7\" data-element_type=\"column\">\n\t\t\t<div class=\"elementor-widget-wrap elementor-element-populated\">\n\t\t\t\t\t\t\t\t<div class=\"elementor-element elementor-element-b4b4492 elementor-widget elementor-widget-text-editor\" data-id=\"b4b4492\" data-element_type=\"widget\" data-widget_type=\"text-editor.default\">\n\t\t\t\t<div class=\"elementor-widget-container\">\n\t\t\t\t\t\t\t\t<h2 class=\"entry-title\"><span style=\"color: #786aa5;\"><a style=\"color: #786aa5;\" href=\"https:\/\/economicas.unsa.edu.ar\/si\/?p=1065\" rel=\"bookmark\">Conferencistas del \u00c1rea Econom\u00eda<\/a><\/span><\/h2>\t\t\t\t\t\t<\/div>\n\t\t\t\t<\/div>\n\t\t\t\t\t<\/div>\n\t\t<\/div>\n\t\t\t\t\t\t\t<\/div>\n\t\t<\/section>\n\t\t\t\t<section class=\"elementor-section elementor-top-section elementor-element elementor-element-bdfbeff elementor-section-boxed elementor-section-height-default elementor-section-height-default\" data-id=\"bdfbeff\" data-element_type=\"section\">\n\t\t\t\t\t\t<div class=\"elementor-container elementor-column-gap-default\">\n\t\t\t\t\t<div class=\"elementor-column elementor-col-100 elementor-top-column elementor-element elementor-element-7462508\" data-id=\"7462508\" data-element_type=\"column\">\n\t\t\t<div class=\"elementor-widget-wrap\">\n\t\t\t\t\t\t\t\t\t<\/div>\n\t\t<\/div>\n\t\t\t\t\t\t\t<\/div>\n\t\t<\/section>\n\t\t\t\t\t\t<\/div>\n\t\t\t\t\t<\/div>\n\t\t","protected":false},"excerpt":{"rendered":"<p>Edici\u00f3n 2022 Conferencistas del \u00c1rea Auditor\u00eda Conferencistas del \u00c1rea Jur\u00eddica Conferencistas del \u00c1rea Contabilidad Conferencistas del \u00c1rea Administraci\u00f3n Conferencistas del \u00c1rea Econom\u00eda<\/p>\n","protected":false},"author":2,"featured_media":0,"parent":0,"menu_order":0,"comment_status":"closed","ping_status":"closed","template":"","meta":{"footnotes":""},"class_list":["post-1912","page","type-page","status-publish","hentry"],"_links":{"self":[{"href":"https:\/\/economicas.unsa.edu.ar\/si\/index.php?rest_route=\/wp\/v2\/pages\/1912","targetHints":{"allow":["GET"]}}],"collection":[{"href":"https:\/\/economicas.unsa.edu.ar\/si\/index.php?rest_route=\/wp\/v2\/pages"}],"about":[{"href":"https:\/\/economicas.unsa.edu.ar\/si\/index.php?rest_route=\/wp\/v2\/types\/page"}],"author":[{"embeddable":true,"href":"https:\/\/economicas.unsa.edu.ar\/si\/index.php?rest_route=\/wp\/v2\/users\/2"}],"replies":[{"embeddable":true,"href":"https:\/\/economicas.unsa.edu.ar\/si\/index.php?rest_route=%2Fwp%2Fv2%2Fcomments&post=1912"}],"version-history":[{"count":23,"href":"https:\/\/economicas.unsa.edu.ar\/si\/index.php?rest_route=\/wp\/v2\/pages\/1912\/revisions"}],"predecessor-version":[{"id":2758,"href":"https:\/\/economicas.unsa.edu.ar\/si\/index.php?rest_route=\/wp\/v2\/pages\/1912\/revisions\/2758"}],"wp:attachment":[{"href":"https:\/\/economicas.unsa.edu.ar\/si\/index.php?rest_route=%2Fwp%2Fv2%2Fmedia&parent=1912"}],"curies":[{"name":"wp","href":"https:\/\/api.w.org\/{rel}","templated":true}]}}