{"id":2274,"date":"2023-06-02T02:49:31","date_gmt":"2023-06-02T05:49:31","guid":{"rendered":"https:\/\/economicas.unsa.edu.ar\/si\/?page_id=2274"},"modified":"2023-06-09T18:25:18","modified_gmt":"2023-06-09T21:25:18","slug":"jices-2022","status":"publish","type":"page","link":"https:\/\/economicas.unsa.edu.ar\/si\/?page_id=2274","title":{"rendered":"JICES 2022"},"content":{"rendered":"\t\t<div data-elementor-type=\"wp-page\" data-elementor-id=\"2274\" class=\"elementor elementor-2274\" data-elementor-settings=\"[]\">\n\t\t\t\t\t\t\t<div class=\"elementor-section-wrap\">\n\t\t\t\t\t\t\t<section class=\"elementor-section elementor-top-section elementor-element elementor-element-c07f03f elementor-section-boxed elementor-section-height-default elementor-section-height-default\" data-id=\"c07f03f\" data-element_type=\"section\">\n\t\t\t\t\t\t<div class=\"elementor-container elementor-column-gap-default\">\n\t\t\t\t\t<div class=\"elementor-column elementor-col-100 elementor-top-column elementor-element elementor-element-966e6d7\" data-id=\"966e6d7\" data-element_type=\"column\">\n\t\t\t<div class=\"elementor-widget-wrap elementor-element-populated\">\n\t\t\t\t\t\t\t\t<div class=\"elementor-element elementor-element-047a90a elementor-widget elementor-widget-image\" data-id=\"047a90a\" data-element_type=\"widget\" data-widget_type=\"image.default\">\n\t\t\t\t<div class=\"elementor-widget-container\">\n\t\t\t\t\t\t\t\t\t\t\t\t\t\t\t<img loading=\"lazy\" decoding=\"async\" width=\"300\" height=\"158\" src=\"https:\/\/economicas.unsa.edu.ar\/si\/wp-content\/uploads\/2022\/06\/jices-b3-300x158.png\" class=\"attachment-medium size-medium\" alt=\"\" srcset=\"https:\/\/economicas.unsa.edu.ar\/si\/wp-content\/uploads\/2022\/06\/jices-b3-300x158.png 300w, https:\/\/economicas.unsa.edu.ar\/si\/wp-content\/uploads\/2022\/06\/jices-b3-1024x540.png 1024w, https:\/\/economicas.unsa.edu.ar\/si\/wp-content\/uploads\/2022\/06\/jices-b3-768x405.png 768w, https:\/\/economicas.unsa.edu.ar\/si\/wp-content\/uploads\/2022\/06\/jices-b3.png 1487w\" sizes=\"auto, (max-width: 300px) 100vw, 300px\" \/>\t\t\t\t\t\t\t\t\t\t\t\t\t\t\t<\/div>\n\t\t\t\t<\/div>\n\t\t\t\t\t<\/div>\n\t\t<\/div>\n\t\t\t\t\t\t\t<\/div>\n\t\t<\/section>\n\t\t\t\t<section class=\"elementor-section elementor-top-section elementor-element elementor-element-83b4a99 elementor-section-boxed elementor-section-height-default elementor-section-height-default\" data-id=\"83b4a99\" data-element_type=\"section\">\n\t\t\t\t\t\t<div class=\"elementor-container elementor-column-gap-default\">\n\t\t\t\t\t<div class=\"elementor-column elementor-col-100 elementor-top-column elementor-element elementor-element-fee503f\" data-id=\"fee503f\" data-element_type=\"column\">\n\t\t\t<div class=\"elementor-widget-wrap elementor-element-populated\">\n\t\t\t\t\t\t\t\t<div class=\"elementor-element elementor-element-19a8bcc elementor-widget elementor-widget-text-editor\" data-id=\"19a8bcc\" data-element_type=\"widget\" data-widget_type=\"text-editor.default\">\n\t\t\t\t<div class=\"elementor-widget-container\">\n\t\t\t\t\t\t\t\t<p><span style=\"color: #54595f; text-align: justify;\">Los d\u00edas\u00a0<\/span><span style=\"font-weight: bold; color: #54595f; text-align: justify;\">20 y 21 del mes de Octubre de 2022<\/span><span style=\"color: #54595f; text-align: justify;\">, se llevar\u00f3n a cabo en la ciudad de Salta las\u00a0<\/span><span style=\"font-weight: bold; color: #54595f; text-align: justify;\">Jornadas de Investigaci\u00f3n en Ciencias Econ\u00f3micas, Jur\u00eddicas y Sociales<\/span><span style=\"color: #54595f; text-align: justify;\">, organizadas por la Facultad de Ciencias Econ\u00f3micas, Jur\u00eddicas y Sociales de la\u00a0<\/span><span style=\"font-weight: bold; color: #54595f; text-align: justify;\">Universidad Nacional de Salta<\/span><span style=\"color: #54595f; text-align: justify;\">.<\/span><\/p>\t\t\t\t\t\t<\/div>\n\t\t\t\t<\/div>\n\t\t\t\t<div class=\"elementor-element elementor-element-b598675 elementor-widget elementor-widget-heading\" data-id=\"b598675\" data-element_type=\"widget\" data-widget_type=\"heading.default\">\n\t\t\t\t<div class=\"elementor-widget-container\">\n\t\t\t<h2 class=\"elementor-heading-title elementor-size-default\"><h2 data-elementor-setting-key=\"title\" data-pen-placeholder=\"Teclea aqu\u00ed...\" style=\"font-style: normal; font-weight: var( --e-global-typography-primary-font-weight ); font-family: var( --e-global-typography-primary-font-family ), Sans-serif;\"><section data-id=\"cecb234\" data-element_type=\"section\" style=\"color: rgb(58, 58, 58); font-family: -apple-system, BlinkMacSystemFont, &quot;Segoe UI&quot;, Roboto, Oxygen-Sans, Ubuntu, Cantarell, &quot;Helvetica Neue&quot;, sans-serif; font-size: 15px; font-weight: 400; white-space-collapse: collapse;\"><div><div data-id=\"f4b68fe\" data-element_type=\"column\" style=\"width: 1140px;\"><div style=\"width: 1140px;\"><div data-id=\"50b3c6d\" data-element_type=\"widget\" data-widget_type=\"heading.default\" style=\"width: 1120px;\"><div style=\"border-width: 0px 0px 1px; border-color: var( --e-global-color-7a2fa6e ); border-radius: 0px;\"><h2 style=\"font-weight: 300; color: rgb(157, 52, 131); font-family: Roboto, sans-serif;\"><span style=\"font-weight: 700;\">Comit\u00e9 Evaluador<\/span><\/h2><\/div><\/div><\/div><\/div><\/div><\/section><\/h2><\/h2>\t\t<\/div>\n\t\t\t\t<\/div>\n\t\t\t\t\t<\/div>\n\t\t<\/div>\n\t\t\t\t\t\t\t<\/div>\n\t\t<\/section>\n\t\t\t\t<section class=\"elementor-section elementor-top-section elementor-element elementor-element-209ffa7 elementor-section-boxed elementor-section-height-default elementor-section-height-default\" data-id=\"209ffa7\" data-element_type=\"section\">\n\t\t\t\t\t\t<div class=\"elementor-container elementor-column-gap-default\">\n\t\t\t\t\t<div class=\"elementor-column elementor-col-100 elementor-top-column elementor-element elementor-element-32107d6\" data-id=\"32107d6\" data-element_type=\"column\">\n\t\t\t<div class=\"elementor-widget-wrap elementor-element-populated\">\n\t\t\t\t\t\t\t\t<div class=\"elementor-element elementor-element-561d988 elementor-widget elementor-widget-text-editor\" data-id=\"561d988\" data-element_type=\"widget\" data-widget_type=\"text-editor.default\">\n\t\t\t\t<div class=\"elementor-widget-container\">\n\t\t\t\t\t\t\t\t<ul>\n \t<li>Dra. Carolina Piselli- Econom\u00eda<\/li>\n \t<li>Dra. Carla Ar\u00e9valo &#8211; Econom\u00eda<\/li>\n \t<li>Lic. Eugenio Mart\u00ednez &#8211; Econom\u00eda<\/li>\n \t<li>Lic. Cecilia Amiri &#8211; Econom\u00eda<\/li>\n \t<li>Lic. Andr\u00e9s S\u00e1nchez Wide \u2013 Econom\u00eda<\/li>\n<\/ul>\n<ul>\n \t<li>Dr. Sebasti\u00e1n Lloret &#8211; Cs. Jur\u00eddicas<\/li>\n \t<li>Dr. Ignacio Colombo &#8211; Cs. Jur\u00eddicas<\/li>\n \t<li>Ab. Elizabeth Safar &#8211; Cs. Jur\u00eddicas<\/li>\n \t<li>Ab. Alfredo Puig &#8211; Cs. Jur\u00eddicas<\/li>\n<\/ul>\n<ul>\n \t<li>Mg. Martha Medina &#8211; Administraci\u00f3n<\/li>\n \t<li>Dra. Rosana Ruiz &#8211; Administraci\u00f3n<\/li>\n \t<li>Mg. Miguel Nina \u2013 Administraci\u00f3n<\/li>\n<\/ul>\n<ul>\n \t<li>Mg. Silvina Marcolini &#8211; Contabilidad<\/li>\n \t<li>Cr. Diego Sibello &#8211; Contabilidad<\/li>\n \t<li>Cr. Carlos Dar\u00edo Torres &#8211; Contabilidad<\/li>\n \t<li>Dr. Gustavo Sader &#8211; Contabilidad<\/li>\n \t<li>Cra. Alejandra Navas &#8211; Contabilidad<\/li>\n \t<li>Cra. Mar\u00eda Rosa Panza \u2013 Contabilidad<\/li>\n \t<li><\/li>\n \t<li>Cra. Hermosinda Eg\u00fcez &#8211; Impuestos<\/li>\n \t<li>Cr. Oscar Ale &#8211; Impuestos<\/li>\n \t<li>Cr. H\u00e9ctor Marcelo Testa &#8211; Impuestos<\/li>\n \t<li>Cr. Marcelo Isaac Jall\u00e9s \u2013 Impuestos<\/li>\n\n&nbsp;\n\n \t<li>Cra. Graciela Aban &#8211; Auditor\u00eda<\/li>\n \t<li>Cra. Gabriela Fabronni &#8211; Auditor\u00eda<\/li>\n \t<li>Cra. Viviana Rodr\u00edguez \u2013 Auditor\u00eda<\/li>\n<\/ul>\t\t\t\t\t\t<\/div>\n\t\t\t\t<\/div>\n\t\t\t\t\t<\/div>\n\t\t<\/div>\n\t\t\t\t\t\t\t<\/div>\n\t\t<\/section>\n\t\t\t\t<section class=\"elementor-section elementor-top-section elementor-element elementor-element-18e6278 elementor-section-boxed elementor-section-height-default elementor-section-height-default\" data-id=\"18e6278\" data-element_type=\"section\">\n\t\t\t\t\t\t<div class=\"elementor-container elementor-column-gap-default\">\n\t\t\t\t\t<div class=\"elementor-column elementor-col-100 elementor-top-column elementor-element elementor-element-d8d2c31\" data-id=\"d8d2c31\" data-element_type=\"column\">\n\t\t\t<div class=\"elementor-widget-wrap elementor-element-populated\">\n\t\t\t\t\t\t\t\t<div class=\"elementor-element elementor-element-37ee402 elementor-widget elementor-widget-heading\" data-id=\"37ee402\" data-element_type=\"widget\" data-widget_type=\"heading.default\">\n\t\t\t\t<div class=\"elementor-widget-container\">\n\t\t\t<h2 class=\"elementor-heading-title elementor-size-default\"><section class=\"elementor-section elementor-top-section elementor-element elementor-element-cecb234 elementor-section-boxed elementor-section-height-default elementor-section-height-default\" data-id=\"cecb234\" data-element_type=\"section\" style=\"color: rgb(58, 58, 58); font-family: -apple-system, BlinkMacSystemFont, &quot;Segoe UI&quot;, Roboto, Oxygen-Sans, Ubuntu, Cantarell, &quot;Helvetica Neue&quot;, sans-serif; font-size: 15px; font-weight: 400; white-space-collapse: collapse;\"><div class=\"elementor-container elementor-column-gap-default\"><div class=\"elementor-column elementor-col-100 elementor-top-column elementor-element elementor-element-f4b68fe\" data-id=\"f4b68fe\" data-element_type=\"column\" style=\"width: 1140px;\"><div class=\"elementor-widget-wrap elementor-element-populated\" style=\"width: 1140px;\"><div class=\"elementor-element elementor-element-50b3c6d elementor-widget elementor-widget-heading\" data-id=\"50b3c6d\" data-element_type=\"widget\" data-widget_type=\"heading.default\" style=\"width: 1120px;\"><div class=\"elementor-widget-container\" style=\"border-width: 0px 0px 1px; border-color: var( --e-global-color-7a2fa6e ); border-radius: 0px;\"><h2 class=\"elementor-heading-title elementor-size-default\" style=\"font-weight: 300; color: rgb(157, 52, 131); font-family: Roboto, sans-serif;\"><span style=\"font-weight: 700;\">Comit\u00e9 Organizacional<\/span><\/h2><\/div><\/div><\/div><\/div><\/div><\/section><\/h2>\t\t<\/div>\n\t\t\t\t<\/div>\n\t\t\t\t<div class=\"elementor-element elementor-element-68fcd55 elementor-widget elementor-widget-text-editor\" data-id=\"68fcd55\" data-element_type=\"widget\" data-widget_type=\"text-editor.default\">\n\t\t\t\t<div class=\"elementor-widget-container\">\n\t\t\t\t\t\t\t\t<ul><li>Esp. Teodelina In\u00e9s Zuvir\u00eda<\/li><li>Cr. Carlos Dar\u00edo Torres<\/li><li>Cra. Alejandra Navas<\/li><li>Cr. Diego Sibello<\/li><li>Mg. Mat\u00edas de Escalada<\/li><li>Mg. Sandra Corrales<\/li><li>Lic. Cecilia Cardozo<\/li><li>Lic. Fernando Romero<\/li><li>Lic. Luis Mauri<\/li><li>Lic. Mart\u00edn Daroca Aparicio<\/li><li>Dra. Luisa Salazar<\/li><li>Ab. Daniel Mansilla Mu\u00f1oz<\/li><li>Cra. Gabriela Fabbroni<\/li><li>Cra. Graciela Party<\/li><li>Cra. Paola Rovere<\/li><\/ul>\t\t\t\t\t\t<\/div>\n\t\t\t\t<\/div>\n\t\t\t\t\t<\/div>\n\t\t<\/div>\n\t\t\t\t\t\t\t<\/div>\n\t\t<\/section>\n\t\t\t\t<section class=\"elementor-section elementor-top-section elementor-element elementor-element-61f11be elementor-section-boxed elementor-section-height-default elementor-section-height-default\" data-id=\"61f11be\" data-element_type=\"section\">\n\t\t\t\t\t\t<div class=\"elementor-container elementor-column-gap-default\">\n\t\t\t\t\t<div class=\"elementor-column elementor-col-100 elementor-top-column elementor-element elementor-element-d95be56\" data-id=\"d95be56\" data-element_type=\"column\">\n\t\t\t<div class=\"elementor-widget-wrap elementor-element-populated\">\n\t\t\t\t\t\t\t\t<div class=\"elementor-element elementor-element-30a0b91 elementor-widget elementor-widget-heading\" data-id=\"30a0b91\" data-element_type=\"widget\" data-widget_type=\"heading.default\">\n\t\t\t\t<div class=\"elementor-widget-container\">\n\t\t\t<h2 class=\"elementor-heading-title elementor-size-default\">Resoluciones<\/h2>\t\t<\/div>\n\t\t\t\t<\/div>\n\t\t\t\t\t<\/div>\n\t\t<\/div>\n\t\t\t\t\t\t\t<\/div>\n\t\t<\/section>\n\t\t\t\t<section class=\"elementor-section elementor-top-section elementor-element elementor-element-933cf7e elementor-section-boxed elementor-section-height-default elementor-section-height-default\" data-id=\"933cf7e\" data-element_type=\"section\">\n\t\t\t\t\t\t<div class=\"elementor-container elementor-column-gap-default\">\n\t\t\t\t\t<div class=\"elementor-column elementor-col-100 elementor-top-column elementor-element elementor-element-cb6e717\" data-id=\"cb6e717\" data-element_type=\"column\">\n\t\t\t<div class=\"elementor-widget-wrap elementor-element-populated\">\n\t\t\t\t\t\t\t\t<div class=\"elementor-element elementor-element-f8a8bf4 elementor-widget elementor-widget-text-editor\" data-id=\"f8a8bf4\" data-element_type=\"widget\" data-widget_type=\"text-editor.default\">\n\t\t\t\t<div class=\"elementor-widget-container\">\n\t\t\t\t\t\t\t\t<ul><li><a href=\"https:\/\/economicas.unsa.edu.ar\/si\/R-CDECO-2021-0108%20JORNADAS%20DE%20INVESTIGACION.pdf\">R-CDECO 193\/2022 &#8211; II Jornadas de Investigaci\u00f3n en Ciencias Econ\u00f3micas, Jur\u00eddicas y Sociales<\/a><\/li><\/ul>\t\t\t\t\t\t<\/div>\n\t\t\t\t<\/div>\n\t\t\t\t\t<\/div>\n\t\t<\/div>\n\t\t\t\t\t\t\t<\/div>\n\t\t<\/section>\n\t\t\t\t<section class=\"elementor-section elementor-top-section elementor-element elementor-element-e4e19eb elementor-section-boxed elementor-section-height-default elementor-section-height-default\" data-id=\"e4e19eb\" data-element_type=\"section\">\n\t\t\t\t\t\t<div class=\"elementor-container elementor-column-gap-default\">\n\t\t\t\t\t<div class=\"elementor-column elementor-col-100 elementor-top-column elementor-element elementor-element-dd179aa\" data-id=\"dd179aa\" data-element_type=\"column\">\n\t\t\t<div class=\"elementor-widget-wrap elementor-element-populated\">\n\t\t\t\t\t\t\t\t<div class=\"elementor-element elementor-element-7b59a28 elementor-widget elementor-widget-heading\" data-id=\"7b59a28\" data-element_type=\"widget\" data-widget_type=\"heading.default\">\n\t\t\t\t<div class=\"elementor-widget-container\">\n\t\t\t<h2 class=\"elementor-heading-title elementor-size-default\">Cronograma<\/h2>\t\t<\/div>\n\t\t\t\t<\/div>\n\t\t\t\t\t<\/div>\n\t\t<\/div>\n\t\t\t\t\t\t\t<\/div>\n\t\t<\/section>\n\t\t\t\t<section class=\"elementor-section elementor-top-section elementor-element elementor-element-575da94 elementor-section-boxed elementor-section-height-default elementor-section-height-default\" data-id=\"575da94\" data-element_type=\"section\">\n\t\t\t\t\t\t<div class=\"elementor-container elementor-column-gap-default\">\n\t\t\t\t\t<div class=\"elementor-column elementor-col-100 elementor-top-column elementor-element elementor-element-7fda5b5\" data-id=\"7fda5b5\" data-element_type=\"column\">\n\t\t\t<div class=\"elementor-widget-wrap elementor-element-populated\">\n\t\t\t\t\t\t\t\t<div class=\"elementor-element elementor-element-9ec2016 elementor-widget elementor-widget-text-editor\" data-id=\"9ec2016\" data-element_type=\"widget\" data-widget_type=\"text-editor.default\">\n\t\t\t\t<div class=\"elementor-widget-container\">\n\t\t\t\t\t\t\t\t<ul><li><a href=\"https:\/\/economicas.unsa.edu.ar\/si\/wp-content\/uploads\/2022\/10\/Cronograma-JICES-2022.pdf\">Ver cronograma<\/a><\/li><\/ul>\t\t\t\t\t\t<\/div>\n\t\t\t\t<\/div>\n\t\t\t\t\t<\/div>\n\t\t<\/div>\n\t\t\t\t\t\t\t<\/div>\n\t\t<\/section>\n\t\t\t\t<section class=\"elementor-section elementor-top-section elementor-element elementor-element-7ec7cd9 elementor-section-boxed elementor-section-height-default elementor-section-height-default\" data-id=\"7ec7cd9\" data-element_type=\"section\">\n\t\t\t\t\t\t<div class=\"elementor-container elementor-column-gap-default\">\n\t\t\t\t\t<div class=\"elementor-column elementor-col-100 elementor-top-column elementor-element elementor-element-8ca4850\" data-id=\"8ca4850\" data-element_type=\"column\">\n\t\t\t<div class=\"elementor-widget-wrap elementor-element-populated\">\n\t\t\t\t\t\t\t\t<div class=\"elementor-element elementor-element-a21294a elementor-widget elementor-widget-heading\" data-id=\"a21294a\" data-element_type=\"widget\" data-widget_type=\"heading.default\">\n\t\t\t\t<div class=\"elementor-widget-container\">\n\t\t\t<h2 class=\"elementor-heading-title elementor-size-default\">Galeria<\/h2>\t\t<\/div>\n\t\t\t\t<\/div>\n\t\t\t\t\t<\/div>\n\t\t<\/div>\n\t\t\t\t\t\t\t<\/div>\n\t\t<\/section>\n\t\t\t\t<section class=\"elementor-section elementor-top-section elementor-element elementor-element-02b2f1b elementor-section-boxed elementor-section-height-default elementor-section-height-default\" data-id=\"02b2f1b\" data-element_type=\"section\">\n\t\t\t\t\t\t<div class=\"elementor-container elementor-column-gap-default\">\n\t\t\t\t\t<div class=\"elementor-column elementor-col-100 elementor-top-column elementor-element elementor-element-9241b43\" data-id=\"9241b43\" data-element_type=\"column\">\n\t\t\t<div class=\"elementor-widget-wrap elementor-element-populated\">\n\t\t\t\t\t\t\t\t<div class=\"elementor-element elementor-element-dd5dea9 elementor-icon-list--layout-traditional elementor-list-item-link-full_width elementor-widget elementor-widget-icon-list\" data-id=\"dd5dea9\" data-element_type=\"widget\" data-widget_type=\"icon-list.default\">\n\t\t\t\t<div class=\"elementor-widget-container\">\n\t\t\t\t\t<ul class=\"elementor-icon-list-items\">\n\t\t\t\t\t\t\t<li class=\"elementor-icon-list-item\">\n\t\t\t\t\t<a href=\"https:\/\/economicas.unsa.edu.ar\/si\/?page_id=2425\">\t\t\t\t\t\t<span class=\"elementor-icon-list-icon\">\n\t\t\t\t\t\t\t<i aria-hidden=\"true\" class=\"fas fa-photo-video\"><\/i>\t\t\t\t\t\t<\/span>\n\t\t\t\t\t\t\t\t\t\t<span class=\"elementor-icon-list-text\">Fotos<\/span>\n\t\t\t\t\t\t\t\t\t\t\t<\/a>\n\t\t\t\t\t\t\t\t\t<\/li>\n\t\t\t\t\t\t<\/ul>\n\t\t\t\t<\/div>\n\t\t\t\t<\/div>\n\t\t\t\t\t<\/div>\n\t\t<\/div>\n\t\t\t\t\t\t\t<\/div>\n\t\t<\/section>\n\t\t\t\t\t\t<\/div>\n\t\t\t\t\t<\/div>\n\t\t","protected":false},"excerpt":{"rendered":"<p>Los d\u00edas\u00a020 y 21 del mes de Octubre de 2022, se llevar\u00f3n a cabo en la ciudad de Salta las\u00a0Jornadas de Investigaci\u00f3n en Ciencias Econ\u00f3micas, Jur\u00eddicas y Sociales, organizadas por la Facultad de Ciencias Econ\u00f3micas, Jur\u00eddicas y Sociales de la\u00a0Universidad Nacional de Salta. Comit\u00e9 Evaluador Dra. Carolina Piselli- Econom\u00eda Dra. Carla Ar\u00e9valo &#8211; Econom\u00eda Lic. &hellip;<\/p>\n<p class=\"read-more\"> <a class=\"\" href=\"https:\/\/economicas.unsa.edu.ar\/si\/?page_id=2274\"> <span class=\"screen-reader-text\">JICES 2022<\/span> Leer m\u00e1s &raquo;<\/a><\/p>\n","protected":false},"author":2,"featured_media":0,"parent":0,"menu_order":0,"comment_status":"closed","ping_status":"closed","template":"","meta":{"footnotes":""},"class_list":["post-2274","page","type-page","status-publish","hentry"],"_links":{"self":[{"href":"https:\/\/economicas.unsa.edu.ar\/si\/index.php?rest_route=\/wp\/v2\/pages\/2274","targetHints":{"allow":["GET"]}}],"collection":[{"href":"https:\/\/economicas.unsa.edu.ar\/si\/index.php?rest_route=\/wp\/v2\/pages"}],"about":[{"href":"https:\/\/economicas.unsa.edu.ar\/si\/index.php?rest_route=\/wp\/v2\/types\/page"}],"author":[{"embeddable":true,"href":"https:\/\/economicas.unsa.edu.ar\/si\/index.php?rest_route=\/wp\/v2\/users\/2"}],"replies":[{"embeddable":true,"href":"https:\/\/economicas.unsa.edu.ar\/si\/index.php?rest_route=%2Fwp%2Fv2%2Fcomments&post=2274"}],"version-history":[{"count":85,"href":"https:\/\/economicas.unsa.edu.ar\/si\/index.php?rest_route=\/wp\/v2\/pages\/2274\/revisions"}],"predecessor-version":[{"id":2547,"href":"https:\/\/economicas.unsa.edu.ar\/si\/index.php?rest_route=\/wp\/v2\/pages\/2274\/revisions\/2547"}],"wp:attachment":[{"href":"https:\/\/economicas.unsa.edu.ar\/si\/index.php?rest_route=%2Fwp%2Fv2%2Fmedia&parent=2274"}],"curies":[{"name":"wp","href":"https:\/\/api.w.org\/{rel}","templated":true}]}}