{"id":292,"date":"2021-08-19T18:32:33","date_gmt":"2021-08-19T21:32:33","guid":{"rendered":"https:\/\/economicas.unsa.edu.ar\/si\/?page_id=292"},"modified":"2021-08-19T18:33:16","modified_gmt":"2021-08-19T21:33:16","slug":"objetivos","status":"publish","type":"page","link":"https:\/\/economicas.unsa.edu.ar\/si\/?page_id=292","title":{"rendered":"Objetivos"},"content":{"rendered":"\t\t<div data-elementor-type=\"wp-page\" data-elementor-id=\"292\" class=\"elementor elementor-292\" data-elementor-settings=\"[]\">\n\t\t\t\t\t\t\t<div class=\"elementor-section-wrap\">\n\t\t\t\t\t\t\t<section class=\"elementor-section elementor-top-section elementor-element elementor-element-cecb234 elementor-section-boxed elementor-section-height-default elementor-section-height-default\" data-id=\"cecb234\" data-element_type=\"section\">\n\t\t\t\t\t\t<div class=\"elementor-container elementor-column-gap-default\">\n\t\t\t\t\t<div class=\"elementor-column elementor-col-100 elementor-top-column elementor-element elementor-element-f4b68fe\" data-id=\"f4b68fe\" data-element_type=\"column\">\n\t\t\t<div class=\"elementor-widget-wrap elementor-element-populated\">\n\t\t\t\t\t\t\t\t<div class=\"elementor-element elementor-element-50b3c6d elementor-widget elementor-widget-heading\" data-id=\"50b3c6d\" data-element_type=\"widget\" data-widget_type=\"heading.default\">\n\t\t\t\t<div class=\"elementor-widget-container\">\n\t\t\t<h2 class=\"elementor-heading-title elementor-size-default\"><b>Objetivos<\/b><\/h2>\t\t<\/div>\n\t\t\t\t<\/div>\n\t\t\t\t\t<\/div>\n\t\t<\/div>\n\t\t\t\t\t\t\t<\/div>\n\t\t<\/section>\n\t\t\t\t<section class=\"elementor-section elementor-top-section elementor-element elementor-element-3abdad3 elementor-section-boxed elementor-section-height-default elementor-section-height-default\" data-id=\"3abdad3\" data-element_type=\"section\">\n\t\t\t\t\t\t<div class=\"elementor-container elementor-column-gap-default\">\n\t\t\t\t\t<div class=\"elementor-column elementor-col-100 elementor-top-column elementor-element elementor-element-535f127\" data-id=\"535f127\" data-element_type=\"column\">\n\t\t\t<div class=\"elementor-widget-wrap elementor-element-populated\">\n\t\t\t\t\t\t\t\t<div class=\"elementor-element elementor-element-eebc025 elementor-widget elementor-widget-text-editor\" data-id=\"eebc025\" data-element_type=\"widget\" data-widget_type=\"text-editor.default\">\n\t\t\t\t<div class=\"elementor-widget-container\">\n\t\t\t\t\t\t\t\t<p style=\"margin: 0cm 0cm 15pt; text-align: justify; background-image: initial; background-position: initial; background-size: initial; background-repeat: initial; background-attachment: initial; background-origin: initial; background-clip: initial;\">Dentro de los objetivos espec\u00edficos que estas Jornadas de Investigaci\u00f3n (JICES) se han propuesto alcanzar se pueden mencionar los siguientes:<br \/>1- Generar un espacio que permita acompa\u00f1ar el proceso de expansi\u00f3n de las actividades de investigaci\u00f3n que se desarrollen dentro de la Facultad de Ciencias Econ\u00f3micas, Jur\u00eddicas y Sociales, as\u00ed como las que se realizan en otras universidades locales y regionales.<br \/>2- Fortalecer y afianzar un proceso sistem\u00e1tico de investigaci\u00f3n destinado a promover la expansi\u00f3n de las fronteras del conocimiento m\u00e1s all\u00e1 del propio \u00e1mbito de la universidad.<br \/>3- Promover espacios de intercambio de conocimientos que impulsen la formaci\u00f3n de nuevos grupos de investigaci\u00f3n dentro del marco de la facultad y alrededores.<br \/>4- Fomentar la participaci\u00f3n de toda la comunidad universitaria dentro de los diferentes proyectos de investigaci\u00f3n, integrando docentes, alumnos, graduados y personal de apoyo universitario.<br \/>5- Promover la transferencia y difusi\u00f3n de los resultados de los trabajos de investigaci\u00f3n que se est\u00e1n llevando a cabo tanto en el medio local, como en el regional y nacional.<\/p>\t\t\t\t\t\t<\/div>\n\t\t\t\t<\/div>\n\t\t\t\t\t<\/div>\n\t\t<\/div>\n\t\t\t\t\t\t\t<\/div>\n\t\t<\/section>\n\t\t\t\t\t\t<\/div>\n\t\t\t\t\t<\/div>\n\t\t","protected":false},"excerpt":{"rendered":"<p>Objetivos Dentro de los objetivos espec\u00edficos que estas Jornadas de Investigaci\u00f3n (JICES) se han propuesto alcanzar se pueden mencionar los siguientes:1- Generar un espacio que permita acompa\u00f1ar el proceso de expansi\u00f3n de las actividades de investigaci\u00f3n que se desarrollen dentro de la Facultad de Ciencias Econ\u00f3micas, Jur\u00eddicas y Sociales, as\u00ed como las que se realizan &hellip;<\/p>\n<p class=\"read-more\"> <a class=\"\" href=\"https:\/\/economicas.unsa.edu.ar\/si\/?page_id=292\"> <span class=\"screen-reader-text\">Objetivos<\/span> Leer m\u00e1s &raquo;<\/a><\/p>\n","protected":false},"author":2,"featured_media":0,"parent":0,"menu_order":0,"comment_status":"closed","ping_status":"closed","template":"","meta":{"footnotes":""},"class_list":["post-292","page","type-page","status-publish","hentry"],"_links":{"self":[{"href":"https:\/\/economicas.unsa.edu.ar\/si\/index.php?rest_route=\/wp\/v2\/pages\/292","targetHints":{"allow":["GET"]}}],"collection":[{"href":"https:\/\/economicas.unsa.edu.ar\/si\/index.php?rest_route=\/wp\/v2\/pages"}],"about":[{"href":"https:\/\/economicas.unsa.edu.ar\/si\/index.php?rest_route=\/wp\/v2\/types\/page"}],"author":[{"embeddable":true,"href":"https:\/\/economicas.unsa.edu.ar\/si\/index.php?rest_route=\/wp\/v2\/users\/2"}],"replies":[{"embeddable":true,"href":"https:\/\/economicas.unsa.edu.ar\/si\/index.php?rest_route=%2Fwp%2Fv2%2Fcomments&post=292"}],"version-history":[{"count":4,"href":"https:\/\/economicas.unsa.edu.ar\/si\/index.php?rest_route=\/wp\/v2\/pages\/292\/revisions"}],"predecessor-version":[{"id":296,"href":"https:\/\/economicas.unsa.edu.ar\/si\/index.php?rest_route=\/wp\/v2\/pages\/292\/revisions\/296"}],"wp:attachment":[{"href":"https:\/\/economicas.unsa.edu.ar\/si\/index.php?rest_route=%2Fwp%2Fv2%2Fmedia&parent=292"}],"curies":[{"name":"wp","href":"https:\/\/api.w.org\/{rel}","templated":true}]}}