{"id":3531,"date":"2024-08-05T19:05:30","date_gmt":"2024-08-05T22:05:30","guid":{"rendered":"https:\/\/economicas.unsa.edu.ar\/si\/?page_id=3531"},"modified":"2025-10-28T12:51:56","modified_gmt":"2025-10-28T15:51:56","slug":"jices-2023","status":"publish","type":"page","link":"https:\/\/economicas.unsa.edu.ar\/si\/?page_id=3531","title":{"rendered":"JICES 2023"},"content":{"rendered":"\t\t<div data-elementor-type=\"wp-page\" data-elementor-id=\"3531\" class=\"elementor elementor-3531\" data-elementor-settings=\"[]\">\n\t\t\t\t\t\t\t<div class=\"elementor-section-wrap\">\n\t\t\t\t\t\t\t<section class=\"elementor-section elementor-top-section elementor-element elementor-element-c07f03f elementor-section-boxed elementor-section-height-default elementor-section-height-default\" data-id=\"c07f03f\" data-element_type=\"section\">\n\t\t\t\t\t\t<div class=\"elementor-container elementor-column-gap-default\">\n\t\t\t\t\t<div class=\"elementor-column elementor-col-100 elementor-top-column elementor-element elementor-element-966e6d7\" data-id=\"966e6d7\" data-element_type=\"column\">\n\t\t\t<div class=\"elementor-widget-wrap elementor-element-populated\">\n\t\t\t\t\t\t\t\t<div class=\"elementor-element elementor-element-047a90a elementor-widget elementor-widget-image\" data-id=\"047a90a\" data-element_type=\"widget\" data-widget_type=\"image.default\">\n\t\t\t\t<div class=\"elementor-widget-container\">\n\t\t\t\t\t\t\t\t\t\t\t\t\t\t\t<img loading=\"lazy\" decoding=\"async\" width=\"300\" height=\"110\" src=\"https:\/\/economicas.unsa.edu.ar\/si\/wp-content\/uploads\/2023\/06\/cropped-logo_jices_2023-300x110.png\" class=\"attachment-medium size-medium\" alt=\"\" srcset=\"https:\/\/economicas.unsa.edu.ar\/si\/wp-content\/uploads\/2023\/06\/cropped-logo_jices_2023-300x110.png 300w, https:\/\/economicas.unsa.edu.ar\/si\/wp-content\/uploads\/2023\/06\/cropped-logo_jices_2023-768x280.png 768w, https:\/\/economicas.unsa.edu.ar\/si\/wp-content\/uploads\/2023\/06\/cropped-logo_jices_2023-320x117.png 320w, https:\/\/economicas.unsa.edu.ar\/si\/wp-content\/uploads\/2023\/06\/cropped-logo_jices_2023.png 830w\" sizes=\"auto, (max-width: 300px) 100vw, 300px\" \/>\t\t\t\t\t\t\t\t\t\t\t\t\t\t\t<\/div>\n\t\t\t\t<\/div>\n\t\t\t\t\t<\/div>\n\t\t<\/div>\n\t\t\t\t\t\t\t<\/div>\n\t\t<\/section>\n\t\t\t\t<section class=\"elementor-section elementor-top-section elementor-element elementor-element-83b4a99 elementor-section-boxed elementor-section-height-default elementor-section-height-default\" data-id=\"83b4a99\" data-element_type=\"section\">\n\t\t\t\t\t\t<div class=\"elementor-container elementor-column-gap-default\">\n\t\t\t\t\t<div class=\"elementor-column elementor-col-100 elementor-top-column elementor-element elementor-element-fee503f\" data-id=\"fee503f\" data-element_type=\"column\">\n\t\t\t<div class=\"elementor-widget-wrap elementor-element-populated\">\n\t\t\t\t\t\t\t\t<div class=\"elementor-element elementor-element-19a8bcc elementor-widget elementor-widget-text-editor\" data-id=\"19a8bcc\" data-element_type=\"widget\" data-widget_type=\"text-editor.default\">\n\t\t\t\t<div class=\"elementor-widget-container\">\n\t\t\t\t\t\t\t\t<p><span style=\"color: #54595f; text-align: justify;\">Los d\u00edas&nbsp;<\/span><span style=\"font-weight: bold; color: #54595f; text-align: justify;\">26 y 27 del mes de Octubre de 2023<\/span><span style=\"color: #54595f; text-align: justify;\">, se llevar\u00f3n a cabo en la ciudad de Salta las&nbsp;<\/span><span style=\"font-weight: bold; color: #54595f; text-align: justify;\">Jornadas de Investigaci\u00f3n en Ciencias Econ\u00f3micas, Jur\u00eddicas y Sociales<\/span><span style=\"color: #54595f; text-align: justify;\">, organizadas por la Facultad de Ciencias Econ\u00f3micas, Jur\u00eddicas y Sociales de la&nbsp;<\/span><span style=\"font-weight: bold; color: #54595f; text-align: justify;\">Universidad Nacional de Salta<\/span><span style=\"color: #54595f; text-align: justify;\">.<\/span><\/p>\t\t\t\t\t\t<\/div>\n\t\t\t\t<\/div>\n\t\t\t\t<div class=\"elementor-element elementor-element-b598675 elementor-widget elementor-widget-heading\" data-id=\"b598675\" data-element_type=\"widget\" data-widget_type=\"heading.default\">\n\t\t\t\t<div class=\"elementor-widget-container\">\n\t\t\t<h2 class=\"elementor-heading-title elementor-size-default\"><h2 data-elementor-setting-key=\"title\" data-pen-placeholder=\"Teclea aqu\u00ed...\" style=\"font-style: normal; font-weight: var( --e-global-typography-primary-font-weight ); font-family: var( --e-global-typography-primary-font-family ), Sans-serif;\"><section data-id=\"cecb234\" data-element_type=\"section\" style=\"color: rgb(58, 58, 58); font-family: -apple-system, BlinkMacSystemFont, &quot;Segoe UI&quot;, Roboto, Oxygen-Sans, Ubuntu, Cantarell, &quot;Helvetica Neue&quot;, sans-serif; font-size: 15px; font-weight: 400; white-space-collapse: collapse;\"><div><div data-id=\"f4b68fe\" data-element_type=\"column\" style=\"width: 1140px;\"><div style=\"width: 1140px;\"><div data-id=\"50b3c6d\" data-element_type=\"widget\" data-widget_type=\"heading.default\" style=\"width: 1120px;\"><div style=\"border-width: 0px 0px 1px; border-color: var( --e-global-color-7a2fa6e ); border-radius: 0px;\"><h2 style=\"font-weight: 300; color: rgb(157, 52, 131); font-family: Roboto, sans-serif;\"><span style=\"font-weight: 700;\">Comit\u00e9 Evaluador<\/span><\/h2><\/div><\/div><\/div><\/div><\/div><\/section><\/h2><\/h2>\t\t<\/div>\n\t\t\t\t<\/div>\n\t\t\t\t\t<\/div>\n\t\t<\/div>\n\t\t\t\t\t\t\t<\/div>\n\t\t<\/section>\n\t\t\t\t<section class=\"elementor-section elementor-top-section elementor-element elementor-element-209ffa7 elementor-section-boxed elementor-section-height-default elementor-section-height-default\" data-id=\"209ffa7\" data-element_type=\"section\">\n\t\t\t\t\t\t<div class=\"elementor-container elementor-column-gap-default\">\n\t\t\t\t\t<div class=\"elementor-column elementor-col-100 elementor-top-column elementor-element elementor-element-32107d6\" data-id=\"32107d6\" data-element_type=\"column\">\n\t\t\t<div class=\"elementor-widget-wrap elementor-element-populated\">\n\t\t\t\t\t\t\t\t<div class=\"elementor-element elementor-element-561d988 elementor-widget elementor-widget-text-editor\" data-id=\"561d988\" data-element_type=\"widget\" data-widget_type=\"text-editor.default\">\n\t\t\t\t<div class=\"elementor-widget-container\">\n\t\t\t\t\t\t\t\t<ul><li>Carolina Piselli- Econom\u00eda<\/li><li>Carla Ar\u00e9valo &#8211; Econom\u00eda<\/li><li>Eugenio Mart\u00ednez &#8211; Econom\u00eda<\/li><li>Cecilia Amiri &#8211; Econom\u00eda<\/li><li>Andr\u00e9s S\u00e1nchez Wide &#8211; Econom\u00eda<\/li><\/ul><ul><li>Sebasti\u00e1n Lloret &#8211; Cs. Jur\u00eddicas<\/li><li>Ignacio Colombo &#8211; Cs. Jur\u00eddicas<\/li><li>Elizabeth Safar &#8211; Cs. Jur\u00eddicas<\/li><li>Alfredo Puig &#8211; Cs. Jur\u00eddicas<\/li><\/ul><ul><li>Martha Medina &#8211; Administraci\u00f3n<\/li><li>Rosana Ruiz &#8211; Administraci\u00f3n<\/li><li>Miguel Nina &#8211; Administraci\u00f3n<\/li><\/ul><ul><li>Silvina Marcolini &#8211; Contabilidad<\/li><li>Diego Sibello &#8211; Contabilidad<\/li><li>Carlos Dar\u00edo Torres &#8211; Contabilidad<\/li><li>Gustavo Sader &#8211; Contabilidad<\/li><li>Alejandra Navas &#8211; Contabilidad<\/li><li>Mar\u00eda Rosa Panza &#8211; Contabilidad<\/li><\/ul><ul><li>Hermosinda Eg\u00fcez &#8211; Impuestos<\/li><li>Oscar Ale &#8211; Impuestos<\/li><li>H\u00e9ctor Marcelo Testa &#8211; Impuestos<\/li><li>Marcelo Isaac Jall\u00e9s &#8211; Impuestos<\/li><\/ul><ul><li>Graciela Aban &#8211; Auditor\u00eda<\/li><li>Gabriela Fabronni &#8211; Auditor\u00eda<\/li><li>Viviana Rodr\u00edguez &#8211; Auditor\u00eda<\/li><\/ul>\t\t\t\t\t\t<\/div>\n\t\t\t\t<\/div>\n\t\t\t\t\t<\/div>\n\t\t<\/div>\n\t\t\t\t\t\t\t<\/div>\n\t\t<\/section>\n\t\t\t\t<section class=\"elementor-section elementor-top-section elementor-element elementor-element-18e6278 elementor-section-boxed elementor-section-height-default elementor-section-height-default\" data-id=\"18e6278\" data-element_type=\"section\">\n\t\t\t\t\t\t<div class=\"elementor-container elementor-column-gap-default\">\n\t\t\t\t\t<div class=\"elementor-column elementor-col-100 elementor-top-column elementor-element elementor-element-d8d2c31\" data-id=\"d8d2c31\" data-element_type=\"column\">\n\t\t\t<div class=\"elementor-widget-wrap elementor-element-populated\">\n\t\t\t\t\t\t\t\t<div class=\"elementor-element elementor-element-37ee402 elementor-widget elementor-widget-heading\" data-id=\"37ee402\" data-element_type=\"widget\" data-widget_type=\"heading.default\">\n\t\t\t\t<div class=\"elementor-widget-container\">\n\t\t\t<h2 class=\"elementor-heading-title elementor-size-default\"><section class=\"elementor-section elementor-top-section elementor-element elementor-element-cecb234 elementor-section-boxed elementor-section-height-default elementor-section-height-default\" data-id=\"cecb234\" data-element_type=\"section\" style=\"color: rgb(58, 58, 58); font-family: -apple-system, BlinkMacSystemFont, &quot;Segoe UI&quot;, Roboto, Oxygen-Sans, Ubuntu, Cantarell, &quot;Helvetica Neue&quot;, sans-serif; font-size: 15px; font-weight: 400; white-space-collapse: collapse;\"><div class=\"elementor-container elementor-column-gap-default\"><div class=\"elementor-column elementor-col-100 elementor-top-column elementor-element elementor-element-f4b68fe\" data-id=\"f4b68fe\" data-element_type=\"column\" style=\"width: 1140px;\"><div class=\"elementor-widget-wrap elementor-element-populated\" style=\"width: 1140px;\"><div class=\"elementor-element elementor-element-50b3c6d elementor-widget elementor-widget-heading\" data-id=\"50b3c6d\" data-element_type=\"widget\" data-widget_type=\"heading.default\" style=\"width: 1120px;\"><div class=\"elementor-widget-container\" style=\"border-width: 0px 0px 1px; border-color: var( --e-global-color-7a2fa6e ); border-radius: 0px;\"><h2 class=\"elementor-heading-title elementor-size-default\" style=\"font-weight: 300; color: rgb(157, 52, 131); font-family: Roboto, sans-serif;\"><span style=\"font-weight: 700;\">Comit\u00e9 Organizacional<\/span><\/h2><\/div><\/div><\/div><\/div><\/div><\/section><\/h2>\t\t<\/div>\n\t\t\t\t<\/div>\n\t\t\t\t<div class=\"elementor-element elementor-element-68fcd55 elementor-widget elementor-widget-text-editor\" data-id=\"68fcd55\" data-element_type=\"widget\" data-widget_type=\"text-editor.default\">\n\t\t\t\t<div class=\"elementor-widget-container\">\n\t\t\t\t\t\t\t\t<ul>\n \t<li>Esp. Teodelina In\u00e9s Zuvir\u00eda<\/li>\n \t<li>Cr. Carlos Dar\u00edo Torres<\/li>\n \t<li>Cra. Alejandra Navas<\/li>\n \t<li>Cr. Diego Sibello<\/li>\n \t<li>Mg. Mat\u00edas de Escalada<\/li>\n \t<li>Mg. Sandra Corrales<\/li>\n \t<li>Lic. Cecilia Cardozo<\/li>\n \t<li>Lic. Fernando Romero<\/li>\n \t<li>Lic. Luis Mauri<\/li>\n \t<li>Lic. Mart\u00edn Daroca Aparicio<\/li>\n \t<li>Dra. Luisa Salazar<\/li>\n \t<li>Ab. Daniel Mansilla Mu\u00f1oz<\/li>\n \t<li>Cra. Gabriela Fabbroni<\/li>\n \t<li>Cra. Graciela Party<\/li>\n \t<li>Cra. Paola Rovere<\/li>\n<\/ul>\t\t\t\t\t\t<\/div>\n\t\t\t\t<\/div>\n\t\t\t\t\t<\/div>\n\t\t<\/div>\n\t\t\t\t\t\t\t<\/div>\n\t\t<\/section>\n\t\t\t\t<section class=\"elementor-section elementor-top-section elementor-element elementor-element-61f11be elementor-section-boxed elementor-section-height-default elementor-section-height-default\" data-id=\"61f11be\" data-element_type=\"section\">\n\t\t\t\t\t\t<div class=\"elementor-container elementor-column-gap-default\">\n\t\t\t\t\t<div class=\"elementor-column elementor-col-100 elementor-top-column elementor-element elementor-element-d95be56\" data-id=\"d95be56\" data-element_type=\"column\">\n\t\t\t<div class=\"elementor-widget-wrap elementor-element-populated\">\n\t\t\t\t\t\t\t\t<div class=\"elementor-element elementor-element-30a0b91 elementor-widget elementor-widget-heading\" data-id=\"30a0b91\" data-element_type=\"widget\" data-widget_type=\"heading.default\">\n\t\t\t\t<div class=\"elementor-widget-container\">\n\t\t\t<h2 class=\"elementor-heading-title elementor-size-default\">Resoluciones<\/h2>\t\t<\/div>\n\t\t\t\t<\/div>\n\t\t\t\t\t<\/div>\n\t\t<\/div>\n\t\t\t\t\t\t\t<\/div>\n\t\t<\/section>\n\t\t\t\t<section class=\"elementor-section elementor-top-section elementor-element elementor-element-933cf7e elementor-section-boxed elementor-section-height-default elementor-section-height-default\" data-id=\"933cf7e\" data-element_type=\"section\">\n\t\t\t\t\t\t<div class=\"elementor-container elementor-column-gap-default\">\n\t\t\t\t\t<div class=\"elementor-column elementor-col-100 elementor-top-column elementor-element elementor-element-cb6e717\" data-id=\"cb6e717\" data-element_type=\"column\">\n\t\t\t<div class=\"elementor-widget-wrap elementor-element-populated\">\n\t\t\t\t\t\t\t\t<div class=\"elementor-element elementor-element-f8a8bf4 elementor-widget elementor-widget-text-editor\" data-id=\"f8a8bf4\" data-element_type=\"widget\" data-widget_type=\"text-editor.default\">\n\t\t\t\t<div class=\"elementor-widget-container\">\n\t\t\t\t\t\t\t\t<ul><li><a href=\"#\">III Jornadas de Investigaci\u00f3n en Ciencias Econ\u00f3micas, Jur\u00eddicas y Sociales<\/a><\/li><\/ul>\t\t\t\t\t\t<\/div>\n\t\t\t\t<\/div>\n\t\t\t\t\t<\/div>\n\t\t<\/div>\n\t\t\t\t\t\t\t<\/div>\n\t\t<\/section>\n\t\t\t\t<section class=\"elementor-section elementor-top-section elementor-element elementor-element-e4e19eb elementor-section-boxed elementor-section-height-default elementor-section-height-default\" data-id=\"e4e19eb\" data-element_type=\"section\">\n\t\t\t\t\t\t<div class=\"elementor-container elementor-column-gap-default\">\n\t\t\t\t\t<div class=\"elementor-column elementor-col-100 elementor-top-column elementor-element elementor-element-dd179aa\" data-id=\"dd179aa\" data-element_type=\"column\">\n\t\t\t<div class=\"elementor-widget-wrap elementor-element-populated\">\n\t\t\t\t\t\t\t\t<div class=\"elementor-element elementor-element-7b59a28 elementor-widget elementor-widget-heading\" data-id=\"7b59a28\" data-element_type=\"widget\" data-widget_type=\"heading.default\">\n\t\t\t\t<div class=\"elementor-widget-container\">\n\t\t\t<h2 class=\"elementor-heading-title elementor-size-default\">Cronograma<\/h2>\t\t<\/div>\n\t\t\t\t<\/div>\n\t\t\t\t\t<\/div>\n\t\t<\/div>\n\t\t\t\t\t\t\t<\/div>\n\t\t<\/section>\n\t\t\t\t<section class=\"elementor-section elementor-top-section elementor-element elementor-element-575da94 elementor-section-boxed elementor-section-height-default elementor-section-height-default\" data-id=\"575da94\" data-element_type=\"section\">\n\t\t\t\t\t\t<div class=\"elementor-container elementor-column-gap-default\">\n\t\t\t\t\t<div class=\"elementor-column elementor-col-100 elementor-top-column elementor-element elementor-element-7fda5b5\" data-id=\"7fda5b5\" data-element_type=\"column\">\n\t\t\t<div class=\"elementor-widget-wrap elementor-element-populated\">\n\t\t\t\t\t\t\t\t<div class=\"elementor-element elementor-element-9ec2016 elementor-widget elementor-widget-text-editor\" data-id=\"9ec2016\" data-element_type=\"widget\" data-widget_type=\"text-editor.default\">\n\t\t\t\t<div class=\"elementor-widget-container\">\n\t\t\t\t\t\t\t\t<ul>\n \t<li><a href=\"https:\/\/www.economicas.unsa.edu.ar\/web\/archivos\/secInvExt\/2024-08-05-CRONOGRAMA-JICES-2023.pdf\">Ver cronograma<\/a><\/li>\n<\/ul>\t\t\t\t\t\t<\/div>\n\t\t\t\t<\/div>\n\t\t\t\t\t<\/div>\n\t\t<\/div>\n\t\t\t\t\t\t\t<\/div>\n\t\t<\/section>\n\t\t\t\t<section class=\"elementor-section elementor-top-section elementor-element elementor-element-7ec7cd9 elementor-section-boxed elementor-section-height-default elementor-section-height-default\" data-id=\"7ec7cd9\" data-element_type=\"section\">\n\t\t\t\t\t\t<div class=\"elementor-container elementor-column-gap-default\">\n\t\t\t\t\t<div class=\"elementor-column elementor-col-100 elementor-top-column elementor-element elementor-element-8ca4850\" data-id=\"8ca4850\" data-element_type=\"column\">\n\t\t\t<div class=\"elementor-widget-wrap elementor-element-populated\">\n\t\t\t\t\t\t\t\t<div class=\"elementor-element elementor-element-a21294a elementor-widget elementor-widget-heading\" data-id=\"a21294a\" data-element_type=\"widget\" data-widget_type=\"heading.default\">\n\t\t\t\t<div class=\"elementor-widget-container\">\n\t\t\t<h2 class=\"elementor-heading-title elementor-size-default\">Galeria<\/h2>\t\t<\/div>\n\t\t\t\t<\/div>\n\t\t\t\t\t<\/div>\n\t\t<\/div>\n\t\t\t\t\t\t\t<\/div>\n\t\t<\/section>\n\t\t\t\t<section class=\"elementor-section elementor-top-section elementor-element elementor-element-02b2f1b elementor-section-boxed elementor-section-height-default elementor-section-height-default\" data-id=\"02b2f1b\" data-element_type=\"section\">\n\t\t\t\t\t\t<div class=\"elementor-container elementor-column-gap-default\">\n\t\t\t\t\t<div class=\"elementor-column elementor-col-100 elementor-top-column elementor-element elementor-element-9241b43\" data-id=\"9241b43\" data-element_type=\"column\">\n\t\t\t<div class=\"elementor-widget-wrap elementor-element-populated\">\n\t\t\t\t\t\t\t\t<div class=\"elementor-element elementor-element-dd5dea9 elementor-icon-list--layout-traditional elementor-list-item-link-full_width elementor-widget elementor-widget-icon-list\" data-id=\"dd5dea9\" data-element_type=\"widget\" data-widget_type=\"icon-list.default\">\n\t\t\t\t<div class=\"elementor-widget-container\">\n\t\t\t\t\t<ul class=\"elementor-icon-list-items\">\n\t\t\t\t\t\t\t<li class=\"elementor-icon-list-item\">\n\t\t\t\t\t<a href=\"https:\/\/economicas.unsa.edu.ar\/si\/?page_id=3119\">\t\t\t\t\t\t<span class=\"elementor-icon-list-icon\">\n\t\t\t\t\t\t\t<i aria-hidden=\"true\" class=\"fas fa-photo-video\"><\/i>\t\t\t\t\t\t<\/span>\n\t\t\t\t\t\t\t\t\t\t<span class=\"elementor-icon-list-text\">Fotos<\/span>\n\t\t\t\t\t\t\t\t\t\t\t<\/a>\n\t\t\t\t\t\t\t\t\t<\/li>\n\t\t\t\t\t\t<\/ul>\n\t\t\t\t<\/div>\n\t\t\t\t<\/div>\n\t\t\t\t\t<\/div>\n\t\t<\/div>\n\t\t\t\t\t\t\t<\/div>\n\t\t<\/section>\n\t\t\t\t<section class=\"elementor-section elementor-top-section elementor-element elementor-element-9e35cf4 elementor-section-boxed elementor-section-height-default elementor-section-height-default\" data-id=\"9e35cf4\" data-element_type=\"section\">\n\t\t\t\t\t\t<div class=\"elementor-container elementor-column-gap-default\">\n\t\t\t\t\t<div class=\"elementor-column elementor-col-100 elementor-top-column elementor-element elementor-element-e97da53\" data-id=\"e97da53\" data-element_type=\"column\">\n\t\t\t<div class=\"elementor-widget-wrap elementor-element-populated\">\n\t\t\t\t\t\t\t\t<div class=\"elementor-element elementor-element-50a4444 elementor-widget elementor-widget-heading\" data-id=\"50a4444\" data-element_type=\"widget\" data-widget_type=\"heading.default\">\n\t\t\t\t<div class=\"elementor-widget-container\">\n\t\t\t<h2 class=\"elementor-heading-title elementor-size-default\">Premios<\/h2>\t\t<\/div>\n\t\t\t\t<\/div>\n\t\t\t\t\t<\/div>\n\t\t<\/div>\n\t\t\t\t\t\t\t<\/div>\n\t\t<\/section>\n\t\t\t\t<section class=\"elementor-section elementor-top-section elementor-element elementor-element-96464e9 elementor-section-boxed elementor-section-height-default elementor-section-height-default\" data-id=\"96464e9\" data-element_type=\"section\">\n\t\t\t\t\t\t<div class=\"elementor-container elementor-column-gap-default\">\n\t\t\t\t\t<div class=\"elementor-column elementor-col-100 elementor-top-column elementor-element elementor-element-60a1d6e\" data-id=\"60a1d6e\" data-element_type=\"column\">\n\t\t\t<div class=\"elementor-widget-wrap elementor-element-populated\">\n\t\t\t\t\t\t\t\t<div class=\"elementor-element elementor-element-41a75f6 elementor-widget elementor-widget-text-editor\" data-id=\"41a75f6\" data-element_type=\"widget\" data-widget_type=\"text-editor.default\">\n\t\t\t\t<div class=\"elementor-widget-container\">\n\t\t\t\t\t\t\t\t<ul><li><a href=\"https:\/\/economicas.unsa.edu.ar\/si\/?page_id=2642\">Premios JICES 2023<\/a><\/li><\/ul>\t\t\t\t\t\t<\/div>\n\t\t\t\t<\/div>\n\t\t\t\t\t<\/div>\n\t\t<\/div>\n\t\t\t\t\t\t\t<\/div>\n\t\t<\/section>\n\t\t\t\t\t\t<\/div>\n\t\t\t\t\t<\/div>\n\t\t","protected":false},"excerpt":{"rendered":"<p>Los d\u00edas&nbsp;26 y 27 del mes de Octubre de 2023, se llevar\u00f3n a cabo en la ciudad de Salta las&nbsp;Jornadas de Investigaci\u00f3n en Ciencias Econ\u00f3micas, Jur\u00eddicas y Sociales, organizadas por la Facultad de Ciencias Econ\u00f3micas, Jur\u00eddicas y Sociales de la&nbsp;Universidad Nacional de Salta. Comit\u00e9 Evaluador Carolina Piselli- Econom\u00eda Carla Ar\u00e9valo &#8211; Econom\u00eda Eugenio Mart\u00ednez &#8211; &hellip;<\/p>\n<p class=\"read-more\"> <a class=\"\" href=\"https:\/\/economicas.unsa.edu.ar\/si\/?page_id=3531\"> <span class=\"screen-reader-text\">JICES 2023<\/span> Leer m\u00e1s &raquo;<\/a><\/p>\n","protected":false},"author":2,"featured_media":0,"parent":0,"menu_order":0,"comment_status":"closed","ping_status":"closed","template":"","meta":{"footnotes":""},"class_list":["post-3531","page","type-page","status-publish","hentry"],"_links":{"self":[{"href":"https:\/\/economicas.unsa.edu.ar\/si\/index.php?rest_route=\/wp\/v2\/pages\/3531","targetHints":{"allow":["GET"]}}],"collection":[{"href":"https:\/\/economicas.unsa.edu.ar\/si\/index.php?rest_route=\/wp\/v2\/pages"}],"about":[{"href":"https:\/\/economicas.unsa.edu.ar\/si\/index.php?rest_route=\/wp\/v2\/types\/page"}],"author":[{"embeddable":true,"href":"https:\/\/economicas.unsa.edu.ar\/si\/index.php?rest_route=\/wp\/v2\/users\/2"}],"replies":[{"embeddable":true,"href":"https:\/\/economicas.unsa.edu.ar\/si\/index.php?rest_route=%2Fwp%2Fv2%2Fcomments&post=3531"}],"version-history":[{"count":28,"href":"https:\/\/economicas.unsa.edu.ar\/si\/index.php?rest_route=\/wp\/v2\/pages\/3531\/revisions"}],"predecessor-version":[{"id":4755,"href":"https:\/\/economicas.unsa.edu.ar\/si\/index.php?rest_route=\/wp\/v2\/pages\/3531\/revisions\/4755"}],"wp:attachment":[{"href":"https:\/\/economicas.unsa.edu.ar\/si\/index.php?rest_route=%2Fwp%2Fv2%2Fmedia&parent=3531"}],"curies":[{"name":"wp","href":"https:\/\/api.w.org\/{rel}","templated":true}]}}