{"id":4240,"date":"2025-08-05T14:03:32","date_gmt":"2025-08-05T17:03:32","guid":{"rendered":"https:\/\/economicas.unsa.edu.ar\/si\/?page_id=4240"},"modified":"2025-10-14T14:21:26","modified_gmt":"2025-10-14T17:21:26","slug":"comite-organizacional-2025","status":"publish","type":"page","link":"https:\/\/economicas.unsa.edu.ar\/si\/?page_id=4240","title":{"rendered":"Comit\u00e9 Organizacional 2025"},"content":{"rendered":"\t\t<div data-elementor-type=\"wp-page\" data-elementor-id=\"4240\" class=\"elementor elementor-4240\" data-elementor-settings=\"[]\">\n\t\t\t\t\t\t\t<div class=\"elementor-section-wrap\">\n\t\t\t\t\t\t\t<section class=\"elementor-section elementor-top-section elementor-element elementor-element-cecb234 elementor-section-boxed elementor-section-height-default elementor-section-height-default\" data-id=\"cecb234\" data-element_type=\"section\">\n\t\t\t\t\t\t<div class=\"elementor-container elementor-column-gap-default\">\n\t\t\t\t\t<div class=\"elementor-column elementor-col-100 elementor-top-column elementor-element elementor-element-f4b68fe\" data-id=\"f4b68fe\" data-element_type=\"column\">\n\t\t\t<div class=\"elementor-widget-wrap elementor-element-populated\">\n\t\t\t\t\t\t\t\t<div class=\"elementor-element elementor-element-50b3c6d elementor-widget elementor-widget-heading\" data-id=\"50b3c6d\" data-element_type=\"widget\" data-widget_type=\"heading.default\">\n\t\t\t\t<div class=\"elementor-widget-container\">\n\t\t\t<h2 class=\"elementor-heading-title elementor-size-default\"><b>Comit\u00e9 Organizacional 2025<\/b><\/h2>\t\t<\/div>\n\t\t\t\t<\/div>\n\t\t\t\t\t<\/div>\n\t\t<\/div>\n\t\t\t\t\t\t\t<\/div>\n\t\t<\/section>\n\t\t\t\t<section class=\"elementor-section elementor-top-section elementor-element elementor-element-3abdad3 elementor-section-boxed elementor-section-height-default elementor-section-height-default\" data-id=\"3abdad3\" data-element_type=\"section\">\n\t\t\t\t\t\t<div class=\"elementor-container elementor-column-gap-default\">\n\t\t\t\t\t<div class=\"elementor-column elementor-col-100 elementor-top-column elementor-element elementor-element-535f127\" data-id=\"535f127\" data-element_type=\"column\">\n\t\t\t<div class=\"elementor-widget-wrap elementor-element-populated\">\n\t\t\t\t\t\t\t\t<div class=\"elementor-element elementor-element-eebc025 elementor-widget elementor-widget-text-editor\" data-id=\"eebc025\" data-element_type=\"widget\" data-widget_type=\"text-editor.default\">\n\t\t\t\t<div class=\"elementor-widget-container\">\n\t\t\t\t\t\t\t\t<p><strong style=\"font-style: inherit; color: var( --e-global-color-text ); font-family: var( --e-global-typography-text-font-family ), Sans-serif;\">Docentes:<\/strong><\/p><ul><li>Oscar Rene Maigua<\/li><li>Teodelina In\u00e9s Zuvir\u00eda<\/li><li>Carlos Dar\u00edo Torres<\/li><li>Alejandra Navas<\/li><li>Diego Sibello<\/li><li>Cecilia Cardozo<\/li><li>Fernando Romero<\/li><li>Viviana Graciela Rodriguez<\/li><li>Mart\u00edn Daroca Aparicio<\/li><li>Luisa Salazar<\/li><li>Gabriela Fabbroni<\/li><li>Graciela Party<\/li><li>Paola Rovere<\/li><li>Fernando Echaz\u00fa<\/li><li>Natalia Sandez Pernas<\/li><\/ul><p><strong>Nodocente:<\/strong><\/p><ul><li>Claudia Marcela Alvarez<\/li><\/ul><p><strong>Becario de formaci\u00f3n:<\/strong><\/p><ul><li>Ariana Camila Villavicencio<\/li><\/ul><p><strong>Estudiantes:<\/strong><\/p><ul><li>Elisa Rocio Rodriguez<\/li><li>Joaqu\u00edn Nicol\u00e1s Llanes<\/li><li>Juan Nina<\/li><li>Rocio Guadalupe Dominguez<\/li><li>Florencia Daiana Perez<\/li><li>Agustina Nazarena Ar\u00e9valo<\/li><li>Andr\u00e9s Facundo Condori<\/li><li>Victoria Longo<\/li><li>Erika Evelin Chacon<\/li><li>Gimena Belen Gonzales<\/li><li>Maria Denise Baez<\/li><li>Sosa Santiago Livelli<\/li><li>Cintia Judith Berja<\/li><li>Alfredo Javier Berja<\/li><li>Luces Alfredo Figueroa<\/li><li>Francisco Torfe<\/li><li>Giuliano Mastrandrea<\/li><li>Abril Rossi<\/li><li>Franco Nicol\u00e1s Ortiz<\/li><li>Federico Gonzalez<\/li><li>Octavio Andr\u00e9s Caba\u00f1a<\/li><li>Stefania Ahumada<\/li><li>Daniela Rocio Arepia<\/li><li>Sandra Camila Tacacho<\/li><li>Bruna Segovia<\/li><li>Perata Lenga<\/li><li>Cecilia Micaela Duran<\/li><li>Luis Rodriguez<\/li><li>Eleonora Ruarte<\/li><li>Alejandro Gimenez<\/li><li>Eduardo Mat\u00edas Donaire<\/li><li>Miguel Agustin Capdevila<\/li><li>Rosana del valle Guaymas<\/li><li>Santiago Macedo<\/li><li>Magali Graciela Soruco Jimenez<\/li><li>Hebe Cecilia Molina<\/li><li>Roc\u00edo Maribel Soruco<\/li><\/ul>\t\t\t\t\t\t<\/div>\n\t\t\t\t<\/div>\n\t\t\t\t\t<\/div>\n\t\t<\/div>\n\t\t\t\t\t\t\t<\/div>\n\t\t<\/section>\n\t\t\t\t\t\t<\/div>\n\t\t\t\t\t<\/div>\n\t\t","protected":false},"excerpt":{"rendered":"<p>Comit\u00e9 Organizacional 2025 Docentes: Oscar Rene Maigua Teodelina In\u00e9s Zuvir\u00eda Carlos Dar\u00edo Torres Alejandra Navas Diego Sibello Cecilia Cardozo Fernando Romero Viviana Graciela Rodriguez Mart\u00edn Daroca Aparicio Luisa Salazar Gabriela Fabbroni Graciela Party Paola Rovere Fernando Echaz\u00fa Natalia Sandez Pernas Nodocente: Claudia Marcela Alvarez Becario de formaci\u00f3n: Ariana Camila Villavicencio Estudiantes: Elisa Rocio Rodriguez Joaqu\u00edn &hellip;<\/p>\n<p class=\"read-more\"> <a class=\"\" href=\"https:\/\/economicas.unsa.edu.ar\/si\/?page_id=4240\"> <span class=\"screen-reader-text\">Comit\u00e9 Organizacional 2025<\/span> Leer m\u00e1s &raquo;<\/a><\/p>\n","protected":false},"author":2,"featured_media":0,"parent":0,"menu_order":0,"comment_status":"closed","ping_status":"closed","template":"","meta":{"footnotes":""},"class_list":["post-4240","page","type-page","status-publish","hentry"],"_links":{"self":[{"href":"https:\/\/economicas.unsa.edu.ar\/si\/index.php?rest_route=\/wp\/v2\/pages\/4240","targetHints":{"allow":["GET"]}}],"collection":[{"href":"https:\/\/economicas.unsa.edu.ar\/si\/index.php?rest_route=\/wp\/v2\/pages"}],"about":[{"href":"https:\/\/economicas.unsa.edu.ar\/si\/index.php?rest_route=\/wp\/v2\/types\/page"}],"author":[{"embeddable":true,"href":"https:\/\/economicas.unsa.edu.ar\/si\/index.php?rest_route=\/wp\/v2\/users\/2"}],"replies":[{"embeddable":true,"href":"https:\/\/economicas.unsa.edu.ar\/si\/index.php?rest_route=%2Fwp%2Fv2%2Fcomments&post=4240"}],"version-history":[{"count":7,"href":"https:\/\/economicas.unsa.edu.ar\/si\/index.php?rest_route=\/wp\/v2\/pages\/4240\/revisions"}],"predecessor-version":[{"id":4730,"href":"https:\/\/economicas.unsa.edu.ar\/si\/index.php?rest_route=\/wp\/v2\/pages\/4240\/revisions\/4730"}],"wp:attachment":[{"href":"https:\/\/economicas.unsa.edu.ar\/si\/index.php?rest_route=%2Fwp%2Fv2%2Fmedia&parent=4240"}],"curies":[{"name":"wp","href":"https:\/\/api.w.org\/{rel}","templated":true}]}}