{"id":4246,"date":"2025-08-05T14:08:19","date_gmt":"2025-08-05T17:08:19","guid":{"rendered":"https:\/\/economicas.unsa.edu.ar\/si\/?page_id=4246"},"modified":"2025-08-05T14:10:27","modified_gmt":"2025-08-05T17:10:27","slug":"comite-evaluador","status":"publish","type":"page","link":"https:\/\/economicas.unsa.edu.ar\/si\/?page_id=4246","title":{"rendered":"Comit\u00e9 Evaluador 2025"},"content":{"rendered":"\t\t<div data-elementor-type=\"wp-page\" data-elementor-id=\"4246\" class=\"elementor elementor-4246\" data-elementor-settings=\"[]\">\n\t\t\t\t\t\t\t<div class=\"elementor-section-wrap\">\n\t\t\t\t\t\t\t<section class=\"elementor-section elementor-top-section elementor-element elementor-element-cecb234 elementor-section-boxed elementor-section-height-default elementor-section-height-default\" data-id=\"cecb234\" data-element_type=\"section\">\n\t\t\t\t\t\t<div class=\"elementor-container elementor-column-gap-default\">\n\t\t\t\t\t<div class=\"elementor-column elementor-col-100 elementor-top-column elementor-element elementor-element-f4b68fe\" data-id=\"f4b68fe\" data-element_type=\"column\">\n\t\t\t<div class=\"elementor-widget-wrap elementor-element-populated\">\n\t\t\t\t\t\t\t\t<div class=\"elementor-element elementor-element-50b3c6d elementor-widget elementor-widget-heading\" data-id=\"50b3c6d\" data-element_type=\"widget\" data-widget_type=\"heading.default\">\n\t\t\t\t<div class=\"elementor-widget-container\">\n\t\t\t<h2 class=\"elementor-heading-title elementor-size-default\"><b>Comit\u00e9 Evaluador 2025<\/b><\/h2>\t\t<\/div>\n\t\t\t\t<\/div>\n\t\t\t\t\t<\/div>\n\t\t<\/div>\n\t\t\t\t\t\t\t<\/div>\n\t\t<\/section>\n\t\t\t\t<section class=\"elementor-section elementor-top-section elementor-element elementor-element-c18e854 elementor-section-boxed elementor-section-height-default elementor-section-height-default\" data-id=\"c18e854\" data-element_type=\"section\">\n\t\t\t\t\t\t<div class=\"elementor-container elementor-column-gap-default\">\n\t\t\t\t\t<div class=\"elementor-column elementor-col-100 elementor-top-column elementor-element elementor-element-a609523\" data-id=\"a609523\" data-element_type=\"column\">\n\t\t\t<div class=\"elementor-widget-wrap elementor-element-populated\">\n\t\t\t\t\t\t\t\t<div class=\"elementor-element elementor-element-8e1155d elementor-widget elementor-widget-text-editor\" data-id=\"8e1155d\" data-element_type=\"widget\" data-widget_type=\"text-editor.default\">\n\t\t\t\t<div class=\"elementor-widget-container\">\n\t\t\t\t\t\t\t\t<p><strong><u>\u00a0<\/u><\/strong><\/p><ul><li>Fernando Romero &#8211; Econom\u00eda<\/li><li>Eugenio Mart\u00ednez \u2013 Econom\u00eda<\/li><li>Diego Saravia Tamayo &#8211; Econom\u00eda<\/li><li>Andr\u00e9s S\u00e1nchez Wilde \u2013 Econom\u00eda<\/li><\/ul><p>\u00a0<\/p><ul><li>Sebasti\u00e1n Lloret \u2013 Cs. Jur\u00eddicas<\/li><li>Ignacio Colombo \u2013 Cs. Jur\u00eddicas<\/li><li>Elizabeth Safar \u2013 Cs. Jur\u00eddicas<\/li><\/ul><p>\u00a0<\/p><ul><li>Martha Medina \u2013 Administraci\u00f3n<\/li><li>Oscar Rene Maigua \u2013 Administraci\u00f3n<\/li><li>Graciela Party \u2013 Administraci\u00f3n<\/li><li>Fernando Echaz\u00fa \u2013 Administraci\u00f3n<\/li><li>Rosana Ruiz \u2013 Administraci\u00f3n<\/li><\/ul><p>\u00a0<\/p><ul><li>Diego Sibello \u2013 Contabilidad<\/li><li>Carlos Dar\u00edo Torres \u2013 Contabilidad<\/li><li>Alejandra Navas \u2013 Contabilidad<\/li><\/ul><p>\u00a0<\/p><ul><li>Oscar Ale \u2013 Impuestos<\/li><li>H\u00e9ctor Marcelo Testa \u2013 Impuestos<\/li><\/ul><p>\u00a0<\/p><ul><li>Graciela Ab\u00e1n \u2013 Auditor\u00eda<\/li><li>Gabriela Fabbroni \u2013 Auditor\u00eda<\/li><li>Viviana Rodr\u00edguez \u2013 Auditor\u00eda<\/li><li>Mar\u00eda Rosa Panza \u2013 Temas Transversales<\/li><li>Teodelina Zuvir\u00eda \u2013 Temas Transversales<\/li><li>Luisa Salazar \u2013 Temas Transversales<\/li><li>Ang\u00e9lica Elvira Astorga \u2013 Temas Transversales<\/li><li>Natalia Sandez Pernas \u2013 Temas Transversales<\/li><li>Sandra Karina Albarrac\u00edn \u2013 Temas Transversales<\/li><li>Miguel Mart\u00edn Nina \u2013 Temas Transversales<\/li><\/ul>\t\t\t\t\t\t<\/div>\n\t\t\t\t<\/div>\n\t\t\t\t\t<\/div>\n\t\t<\/div>\n\t\t\t\t\t\t\t<\/div>\n\t\t<\/section>\n\t\t\t\t\t\t<\/div>\n\t\t\t\t\t<\/div>\n\t\t","protected":false},"excerpt":{"rendered":"<p>Comit\u00e9 Evaluador 2025 \u00a0 Fernando Romero &#8211; Econom\u00eda Eugenio Mart\u00ednez \u2013 Econom\u00eda Diego Saravia Tamayo &#8211; Econom\u00eda Andr\u00e9s S\u00e1nchez Wilde \u2013 Econom\u00eda \u00a0 Sebasti\u00e1n Lloret \u2013 Cs. Jur\u00eddicas Ignacio Colombo \u2013 Cs. Jur\u00eddicas Elizabeth Safar \u2013 Cs. Jur\u00eddicas \u00a0 Martha Medina \u2013 Administraci\u00f3n Oscar Rene Maigua \u2013 Administraci\u00f3n Graciela Party \u2013 Administraci\u00f3n Fernando Echaz\u00fa \u2013 &hellip;<\/p>\n<p class=\"read-more\"> <a class=\"\" href=\"https:\/\/economicas.unsa.edu.ar\/si\/?page_id=4246\"> <span class=\"screen-reader-text\">Comit\u00e9 Evaluador 2025<\/span> Leer m\u00e1s &raquo;<\/a><\/p>\n","protected":false},"author":2,"featured_media":0,"parent":0,"menu_order":0,"comment_status":"closed","ping_status":"closed","template":"","meta":{"footnotes":""},"class_list":["post-4246","page","type-page","status-publish","hentry"],"_links":{"self":[{"href":"https:\/\/economicas.unsa.edu.ar\/si\/index.php?rest_route=\/wp\/v2\/pages\/4246","targetHints":{"allow":["GET"]}}],"collection":[{"href":"https:\/\/economicas.unsa.edu.ar\/si\/index.php?rest_route=\/wp\/v2\/pages"}],"about":[{"href":"https:\/\/economicas.unsa.edu.ar\/si\/index.php?rest_route=\/wp\/v2\/types\/page"}],"author":[{"embeddable":true,"href":"https:\/\/economicas.unsa.edu.ar\/si\/index.php?rest_route=\/wp\/v2\/users\/2"}],"replies":[{"embeddable":true,"href":"https:\/\/economicas.unsa.edu.ar\/si\/index.php?rest_route=%2Fwp%2Fv2%2Fcomments&post=4246"}],"version-history":[{"count":4,"href":"https:\/\/economicas.unsa.edu.ar\/si\/index.php?rest_route=\/wp\/v2\/pages\/4246\/revisions"}],"predecessor-version":[{"id":4250,"href":"https:\/\/economicas.unsa.edu.ar\/si\/index.php?rest_route=\/wp\/v2\/pages\/4246\/revisions\/4250"}],"wp:attachment":[{"href":"https:\/\/economicas.unsa.edu.ar\/si\/index.php?rest_route=%2Fwp%2Fv2%2Fmedia&parent=4246"}],"curies":[{"name":"wp","href":"https:\/\/api.w.org\/{rel}","templated":true}]}}