{"id":4256,"date":"2025-08-06T16:30:52","date_gmt":"2025-08-06T19:30:52","guid":{"rendered":"https:\/\/economicas.unsa.edu.ar\/si\/?page_id=4256"},"modified":"2026-04-30T11:40:14","modified_gmt":"2026-04-30T14:40:14","slug":"resumenes-2","status":"publish","type":"page","link":"https:\/\/economicas.unsa.edu.ar\/si\/?page_id=4256","title":{"rendered":"Res\u00famenes 2026"},"content":{"rendered":"\t\t<div data-elementor-type=\"wp-page\" data-elementor-id=\"4256\" class=\"elementor elementor-4256\" data-elementor-settings=\"[]\">\n\t\t\t\t\t\t\t<div class=\"elementor-section-wrap\">\n\t\t\t\t\t\t\t<section class=\"elementor-section elementor-top-section elementor-element elementor-element-cecb234 elementor-section-boxed elementor-section-height-default elementor-section-height-default\" data-id=\"cecb234\" data-element_type=\"section\">\n\t\t\t\t\t\t<div class=\"elementor-container elementor-column-gap-default\">\n\t\t\t\t\t<div class=\"elementor-column elementor-col-100 elementor-top-column elementor-element elementor-element-f4b68fe\" data-id=\"f4b68fe\" data-element_type=\"column\">\n\t\t\t<div class=\"elementor-widget-wrap elementor-element-populated\">\n\t\t\t\t\t\t\t\t<div class=\"elementor-element elementor-element-50b3c6d elementor-widget elementor-widget-heading\" data-id=\"50b3c6d\" data-element_type=\"widget\" data-widget_type=\"heading.default\">\n\t\t\t\t<div class=\"elementor-widget-container\">\n\t\t\t<h2 class=\"elementor-heading-title elementor-size-default\"><b>Normas de Presentaci\u00f3n de Res\u00famenes<\/b><\/h2>\t\t<\/div>\n\t\t\t\t<\/div>\n\t\t\t\t\t<\/div>\n\t\t<\/div>\n\t\t\t\t\t\t\t<\/div>\n\t\t<\/section>\n\t\t\t\t<section class=\"elementor-section elementor-top-section elementor-element elementor-element-3abdad3 elementor-section-boxed elementor-section-height-default elementor-section-height-default\" data-id=\"3abdad3\" data-element_type=\"section\">\n\t\t\t\t\t\t<div class=\"elementor-container elementor-column-gap-default\">\n\t\t\t\t\t<div class=\"elementor-column elementor-col-50 elementor-top-column elementor-element elementor-element-535f127\" data-id=\"535f127\" data-element_type=\"column\">\n\t\t\t<div class=\"elementor-widget-wrap elementor-element-populated\">\n\t\t\t\t\t\t\t\t<div class=\"elementor-element elementor-element-eebc025 elementor-widget elementor-widget-text-editor\" data-id=\"eebc025\" data-element_type=\"widget\" data-widget_type=\"text-editor.default\">\n\t\t\t\t<div class=\"elementor-widget-container\">\n\t\t\t\t\t\t\t\t<p style=\"text-align: center;\"><strong><sup>6tas<\/sup> Jornadas en Investigaci\u00f3n en Ciencias Econ\u00f3micas<\/strong><br \/><strong>Facultad de Ciencias Econ\u00f3micas, Jur\u00eddicas y Sociales<\/strong><\/p><p style=\"text-align: center;\"><strong>\u00a0<\/strong><strong>Normas de Presentaci\u00f3n del Resumen (v\u00e1lido para Ponencias o P\u00f3sters)<\/strong><\/p><table style=\"border-collapse: collapse; border: initial none initial;\" border=\"1\" width=\"567\" cellspacing=\"0\" cellpadding=\"0\"><tbody><tr style=\"mso-yfti-irow: 0; mso-yfti-firstrow: yes; height: 30.75pt;\"><td style=\"width: 94.2pt; border-width: 1pt; border-color: black; padding: 0cm 5pt; height: 30.75pt;\" valign=\"top\" width=\"126\"><p style=\"text-align: justify; line-height: 115%; margin: 12.0pt 0cm .0001pt 0cm;\"><span lang=\"ES-AR\" style=\"font-family: 'Arial',sans-serif; mso-fareast-font-family: Arial;\">Primer Rengl\u00f3n<\/span><\/p><\/td><td style=\"width: 161.1pt; border-top-width: 1pt; border-right-width: 1pt; border-bottom-width: 1pt; border-top-color: black; border-right-color: black; border-bottom-color: black; border-left: none; padding: 0cm 5pt; height: 30.75pt;\" valign=\"top\" width=\"215\"><p style=\"text-align: justify; line-height: 115%; margin: 12.0pt 0cm .0001pt 0cm;\"><span lang=\"ES-AR\" style=\"font-family: 'Arial',sans-serif; mso-fareast-font-family: Arial;\">T\u00edtulo del Trabajo (hasta dos renglones).<\/span><\/p><\/td><td style=\"width: 169.75pt; border-top-width: 1pt; border-right-width: 1pt; border-bottom-width: 1pt; border-top-color: black; border-right-color: black; border-bottom-color: black; border-left: none; padding: 0cm 5pt; height: 30.75pt;\" valign=\"top\" width=\"226\"><p style=\"text-align: justify; line-height: 115%; margin: 12.0pt 0cm .0001pt 0cm;\"><span lang=\"ES-AR\" style=\"font-family: 'Arial',sans-serif; mso-fareast-font-family: Arial;\">Arial 14 ptos., negrita y centrado.<\/span><\/p><\/td><\/tr><tr style=\"mso-yfti-irow: 1; height: 30.75pt;\"><td style=\"width: 94.2pt; border-right-width: 1pt; border-bottom-width: 1pt; border-left-width: 1pt; border-right-color: black; border-bottom-color: black; border-left-color: black; border-top: none; padding: 0cm 5pt; height: 30.75pt;\" valign=\"top\" width=\"126\"><p style=\"text-align: justify; line-height: 115%; margin: 12.0pt 0cm .0001pt 0cm;\"><span lang=\"ES-AR\" style=\"font-family: 'Arial',sans-serif; mso-fareast-font-family: Arial;\">Segundo Rengl\u00f3n<\/span><\/p><\/td><td style=\"width: 161.1pt; border-top: none; border-left: none; border-bottom-width: 1pt; border-bottom-color: black; border-right-width: 1pt; border-right-color: black; padding: 0cm 5pt; height: 30.75pt;\" valign=\"top\" width=\"215\"><p style=\"text-align: justify; line-height: 115%; margin: 12.0pt 0cm .0001pt 0cm;\"><span lang=\"ES-AR\" style=\"font-family: 'Arial',sans-serif; mso-fareast-font-family: Arial;\">Apellido y nombre de autores, m\u00e1ximo 3 (tres).<\/span><\/p><\/td><td style=\"width: 169.75pt; border-top: none; border-left: none; border-bottom-width: 1pt; border-bottom-color: black; border-right-width: 1pt; border-right-color: black; padding: 0cm 5pt; height: 30.75pt;\" valign=\"top\" width=\"226\"><p style=\"text-align: justify; line-height: 115%; margin: 12.0pt 0cm .0001pt 0cm;\"><span lang=\"ES-AR\" style=\"font-family: 'Arial',sans-serif; mso-fareast-font-family: Arial;\">Arial 11ptos., centrado.<\/span><\/p><\/td><\/tr><tr style=\"mso-yfti-irow: 2; height: 15.75pt;\"><td style=\"width: 94.2pt; border-right-width: 1pt; border-bottom-width: 1pt; border-left-width: 1pt; border-right-color: black; border-bottom-color: black; border-left-color: black; border-top: none; padding: 0cm 5pt; height: 15.75pt;\" valign=\"top\" width=\"126\"><p style=\"text-align: justify; line-height: 115%; margin: 12.0pt 0cm .0001pt 0cm;\"><span lang=\"ES-AR\" style=\"font-family: 'Arial',sans-serif; mso-fareast-font-family: Arial;\">Tercer Rengl\u00f3n<\/span><\/p><\/td><td style=\"width: 161.1pt; border-top: none; border-left: none; border-bottom-width: 1pt; border-bottom-color: black; border-right-width: 1pt; border-right-color: black; padding: 0cm 5pt; height: 15.75pt;\" valign=\"top\" width=\"215\"><p style=\"text-align: justify; line-height: 115%; margin: 12.0pt 0cm .0001pt 0cm;\"><span lang=\"ES-AR\" style=\"font-family: 'Arial',sans-serif; mso-fareast-font-family: Arial;\">En blanco<\/span><\/p><\/td><td style=\"width: 169.75pt; border-top: none; border-left: none; border-bottom-width: 1pt; border-bottom-color: black; border-right-width: 1pt; border-right-color: black; padding: 0cm 5pt; height: 15.75pt;\" valign=\"top\" width=\"226\"><p style=\"text-align: justify; line-height: 115%; margin: 12.0pt 0cm .0001pt 0cm;\"><span lang=\"ES-AR\" style=\"font-family: 'Arial',sans-serif; mso-fareast-font-family: Arial;\">\u00a0<\/span><\/p><\/td><\/tr><tr style=\"mso-yfti-irow: 3; height: 30.75pt;\"><td style=\"width: 94.2pt; border-right-width: 1pt; border-bottom-width: 1pt; border-left-width: 1pt; border-right-color: black; border-bottom-color: black; border-left-color: black; border-top: none; padding: 0cm 5pt; height: 30.75pt;\" valign=\"top\" width=\"126\"><p style=\"text-align: justify; line-height: 115%; margin: 12.0pt 0cm .0001pt 0cm;\"><span lang=\"ES-AR\" style=\"font-family: 'Arial',sans-serif; mso-fareast-font-family: Arial;\">Cuarto Rengl\u00f3n<\/span><\/p><\/td><td style=\"width: 161.1pt; border-top: none; border-left: none; border-bottom-width: 1pt; border-bottom-color: black; border-right-width: 1pt; border-right-color: black; padding: 0cm 5pt; height: 30.75pt;\" valign=\"top\" width=\"215\"><p style=\"text-align: justify; line-height: 115%; margin: 12.0pt 0cm .0001pt 0cm;\"><span lang=\"ES-AR\" style=\"font-family: 'Arial',sans-serif; mso-fareast-font-family: Arial;\">Eje tem\u00e1tico<\/span><\/p><\/td><td style=\"width: 169.75pt; border-top: none; border-left: none; border-bottom-width: 1pt; border-bottom-color: black; border-right-width: 1pt; border-right-color: black; padding: 0cm 5pt; height: 30.75pt;\" valign=\"top\" width=\"226\"><p style=\"text-align: justify; line-height: 115%; margin: 12.0pt 0cm .0001pt 0cm;\"><span lang=\"ES-AR\" style=\"font-family: 'Arial',sans-serif; mso-fareast-font-family: Arial;\">Arial 11ptos., centrado. Iniciar la frase con \u201cEje Tem\u00e1tico:\u201d<\/span><\/p><\/td><\/tr><tr style=\"mso-yfti-irow: 4; height: 15.75pt;\"><td style=\"width: 94.2pt; border-right-width: 1pt; border-bottom-width: 1pt; border-left-width: 1pt; border-right-color: black; border-bottom-color: black; border-left-color: black; border-top: none; padding: 0cm 5pt; height: 15.75pt;\" valign=\"top\" width=\"126\"><p style=\"text-align: justify; line-height: 115%; margin: 12.0pt 0cm .0001pt 0cm;\"><span lang=\"ES-AR\" style=\"font-family: 'Arial',sans-serif; mso-fareast-font-family: Arial;\">Quinto Rengl\u00f3n<\/span><\/p><\/td><td style=\"width: 161.1pt; border-top: none; border-left: none; border-bottom-width: 1pt; border-bottom-color: black; border-right-width: 1pt; border-right-color: black; padding: 0cm 5pt; height: 15.75pt;\" valign=\"top\" width=\"215\"><p style=\"text-align: justify; line-height: 115%; margin: 12.0pt 0cm .0001pt 0cm;\"><span lang=\"ES-AR\" style=\"font-family: 'Arial',sans-serif; mso-fareast-font-family: Arial;\">En blanco<\/span><\/p><\/td><td style=\"width: 169.75pt; border-top: none; border-left: none; border-bottom-width: 1pt; border-bottom-color: black; border-right-width: 1pt; border-right-color: black; padding: 0cm 5pt; height: 15.75pt;\" valign=\"top\" width=\"226\"><p style=\"text-align: justify; line-height: 115%; margin: 12.0pt 0cm .0001pt 0cm;\"><span lang=\"ES-AR\" style=\"font-family: 'Arial',sans-serif; mso-fareast-font-family: Arial;\">\u00a0<\/span><\/p><\/td><\/tr><tr style=\"mso-yfti-irow: 5; height: 15.75pt;\"><td style=\"width: 94.2pt; border-right-width: 1pt; border-bottom-width: 1pt; border-left-width: 1pt; border-right-color: black; border-bottom-color: black; border-left-color: black; border-top: none; padding: 0cm 5pt; height: 15.75pt;\" valign=\"top\" width=\"126\"><p style=\"text-align: justify; line-height: 115%; margin: 12.0pt 0cm .0001pt 0cm;\"><span lang=\"ES-AR\" style=\"font-family: 'Arial',sans-serif; mso-fareast-font-family: Arial;\">Sexto Rengl\u00f3n<\/span><\/p><\/td><td style=\"width: 161.1pt; border-top: none; border-left: none; border-bottom-width: 1pt; border-bottom-color: black; border-right-width: 1pt; border-right-color: black; padding: 0cm 5pt; height: 15.75pt;\" valign=\"top\" width=\"215\"><p style=\"text-align: justify; line-height: 115%; margin: 12.0pt 0cm .0001pt 0cm;\"><span lang=\"ES-AR\" style=\"font-family: 'Arial',sans-serif; mso-fareast-font-family: Arial;\">\u201cResumen\u201d<\/span><\/p><\/td><td style=\"width: 169.75pt; border-top: none; border-left: none; border-bottom-width: 1pt; border-bottom-color: black; border-right-width: 1pt; border-right-color: black; padding: 0cm 5pt; height: 15.75pt;\" valign=\"top\" width=\"226\"><p style=\"text-align: justify; line-height: 115%; margin: 12.0pt 0cm .0001pt 0cm;\"><span lang=\"ES-AR\" style=\"font-family: 'Arial',sans-serif; mso-fareast-font-family: Arial;\">Arial 11ptos.,negrita y centrado.<\/span><\/p><\/td><\/tr><tr style=\"mso-yfti-irow: 6; height: 30.75pt;\"><td style=\"width: 94.2pt; border-right-width: 1pt; border-bottom-width: 1pt; border-left-width: 1pt; border-right-color: black; border-bottom-color: black; border-left-color: black; border-top: none; padding: 0cm 5pt; height: 30.75pt;\" valign=\"top\" width=\"126\"><p style=\"text-align: justify; line-height: 115%; margin: 12.0pt 0cm .0001pt 0cm;\"><span lang=\"ES-AR\" style=\"font-family: 'Arial',sans-serif; mso-fareast-font-family: Arial;\">S\u00e9ptimo Rengl\u00f3n<\/span><\/p><\/td><td style=\"width: 161.1pt; border-top: none; border-left: none; border-bottom-width: 1pt; border-bottom-color: black; border-right-width: 1pt; border-right-color: black; padding: 0cm 5pt; height: 30.75pt;\" valign=\"top\" width=\"215\"><p style=\"text-align: justify; line-height: 115%; margin: 12.0pt 0cm .0001pt 0cm;\"><span lang=\"ES-AR\" style=\"font-family: 'Arial',sans-serif; mso-fareast-font-family: Arial;\">Texto del \u201cResumen\u201d hasta 500 palabras.<\/span><\/p><\/td><td style=\"width: 169.75pt; border-top: none; border-left: none; border-bottom-width: 1pt; border-bottom-color: black; border-right-width: 1pt; border-right-color: black; padding: 0cm 5pt; height: 30.75pt;\" valign=\"top\" width=\"226\"><p style=\"text-align: justify; line-height: 115%; margin: 12.0pt 0cm .0001pt 0cm;\"><span lang=\"ES-AR\" style=\"font-family: 'Arial',sans-serif; mso-fareast-font-family: Arial;\">Arial 11ptos., interlineado sencillo y justificado.<\/span><\/p><\/td><\/tr><tr style=\"mso-yfti-irow: 7; height: 69.75pt;\"><td style=\"width: 94.2pt; border-right-width: 1pt; border-bottom-width: 1pt; border-left-width: 1pt; border-right-color: black; border-bottom-color: black; border-left-color: black; border-top: none; padding: 0cm 5pt; height: 69.75pt;\" valign=\"top\" width=\"126\"><p style=\"text-align: justify; line-height: 115%; margin: 12.0pt 0cm .0001pt 0cm;\"><span lang=\"ES-AR\" style=\"font-family: 'Arial',sans-serif; mso-fareast-font-family: Arial;\">Finalizado el Resumen se colocaran palabras claves<\/span><\/p><\/td><td style=\"width: 161.1pt; border-top: none; border-left: none; border-bottom-width: 1pt; border-bottom-color: black; border-right-width: 1pt; border-right-color: black; padding: 0cm 5pt; height: 69.75pt;\" valign=\"top\" width=\"215\"><p style=\"text-align: justify; line-height: 115%; margin: 12.0pt 0cm .0001pt 0cm;\"><span lang=\"ES-AR\" style=\"font-family: 'Arial',sans-serif; mso-fareast-font-family: Arial;\">Palabras Claves: Incluya hasta tres palabras que ayuden a identificar<br \/>el tema tratado.<\/span><\/p><\/td><td style=\"width: 169.75pt; border-top: none; border-left: none; border-bottom-width: 1pt; border-bottom-color: black; border-right-width: 1pt; border-right-color: black; padding: 0cm 5pt; height: 69.75pt;\" valign=\"top\" width=\"226\"><p style=\"text-align: justify; line-height: 115%; margin: 12.0pt 0cm .0001pt 0cm;\"><span lang=\"ES-AR\" style=\"font-family: 'Arial',sans-serif; mso-fareast-font-family: Arial;\">Arial 11ptos., justificado. Iniciar<\/span><\/p><p style=\"text-align: justify; line-height: 115%; margin: 12.0pt 0cm .0001pt 0cm;\"><span lang=\"ES-AR\" style=\"font-family: 'Arial',sans-serif; mso-fareast-font-family: Arial;\">la frase con \u00abPalabras claves:\u00bb<\/span><\/p><\/td><\/tr><tr style=\"mso-yfti-irow: 8; mso-yfti-lastrow: yes; height: 45.75pt;\"><td style=\"width: 94.2pt; border-right-width: 1pt; border-bottom-width: 1pt; border-left-width: 1pt; border-right-color: black; border-bottom-color: black; border-left-color: black; border-top: none; padding: 0cm 5pt; height: 45.75pt;\" valign=\"top\" width=\"126\"><p style=\"text-align: justify; line-height: 115%; margin: 12.0pt 0cm .0001pt 0cm;\"><span lang=\"ES-AR\" style=\"font-family: 'Arial',sans-serif; mso-fareast-font-family: Arial;\">Pie de p\u00e1gina<\/span><\/p><\/td><td style=\"width: 161.1pt; border-top: none; border-left: none; border-bottom-width: 1pt; border-bottom-color: black; border-right-width: 1pt; border-right-color: black; padding: 0cm 5pt; height: 45.75pt;\" valign=\"top\" width=\"215\"><p style=\"text-align: justify; line-height: 115%; margin: 12.0pt 0cm .0001pt 0cm;\"><span lang=\"ES-AR\" style=\"font-family: 'Arial',sans-serif; mso-fareast-font-family: Arial;\">Correo electr\u00f3nico y pertenencia institucional de los autores en nota<br \/>al pie.<\/span><\/p><\/td><td style=\"width: 169.75pt; border-top: none; border-left: none; border-bottom-width: 1pt; border-bottom-color: black; border-right-width: 1pt; border-right-color: black; padding: 0cm 5pt; height: 45.75pt;\" valign=\"top\" width=\"226\"><p style=\"text-align: justify; line-height: 115%; margin: 12.0pt 0cm .0001pt 0cm;\"><span lang=\"ES-AR\" style=\"font-family: 'Arial',sans-serif; mso-fareast-font-family: Arial;\">Arial 10 ptos.<\/span><\/p><\/td><\/tr><\/tbody><\/table><p><strong>Requisitos del formato de texto<\/strong><\/p><p>Documento Word o Libre Office.<\/p><ul><li>Hoja A4, M\u00e1rgenes de 2,5cm.<\/li><li>T\u00edtulo escrito en letra Arial 14, negrita y centrado.<\/li><\/ul><hr \/>\t\t\t\t\t\t<\/div>\n\t\t\t\t<\/div>\n\t\t\t\t\t<\/div>\n\t\t<\/div>\n\t\t\t\t<div class=\"elementor-column elementor-col-50 elementor-top-column elementor-element elementor-element-9219b9f\" data-id=\"9219b9f\" data-element_type=\"column\">\n\t\t\t<div class=\"elementor-widget-wrap elementor-element-populated\">\n\t\t\t\t\t\t\t\t<div class=\"elementor-element elementor-element-6f27c5f elementor-widget elementor-widget-text-editor\" data-id=\"6f27c5f\" data-element_type=\"widget\" data-widget_type=\"text-editor.default\">\n\t\t\t\t<div class=\"elementor-widget-container\">\n\t\t\t\t\t\t\t\t<h4><strong><span style=\"color: #800080;\">RECEPCI\u00d3N DE RESUMENES<\/span><\/strong><\/h4>\t\t\t\t\t\t<\/div>\n\t\t\t\t<\/div>\n\t\t\t\t<div class=\"elementor-element elementor-element-da1e98b elementor-widget elementor-widget-spacer\" data-id=\"da1e98b\" data-element_type=\"widget\" data-widget_type=\"spacer.default\">\n\t\t\t\t<div class=\"elementor-widget-container\">\n\t\t\t\t\t<div class=\"elementor-spacer\">\n\t\t\t<div class=\"elementor-spacer-inner\"><\/div>\n\t\t<\/div>\n\t\t\t\t<\/div>\n\t\t\t\t<\/div>\n\t\t\t\t<div class=\"elementor-element elementor-element-d02f8b0 elementor-widget-divider--view-line elementor-widget elementor-widget-divider\" data-id=\"d02f8b0\" data-element_type=\"widget\" data-widget_type=\"divider.default\">\n\t\t\t\t<div class=\"elementor-widget-container\">\n\t\t\t\t\t<div class=\"elementor-divider\">\n\t\t\t<span class=\"elementor-divider-separator\">\n\t\t\t\t\t\t<\/span>\n\t\t<\/div>\n\t\t\t\t<\/div>\n\t\t\t\t<\/div>\n\t\t\t\t<div class=\"elementor-element elementor-element-137b43c elementor-align-center elementor-widget elementor-widget-button\" data-id=\"137b43c\" data-element_type=\"widget\" data-widget_type=\"button.default\">\n\t\t\t\t<div class=\"elementor-widget-container\">\n\t\t\t\t\t<div class=\"elementor-button-wrapper\">\n\t\t\t<a href=\"https:\/\/docs.google.com\/forms\/d\/e\/1FAIpQLSej_NDBMjgO2SDMsSPXG6Nxmej1kUd6mFWsBNunuyluPTMUcA\/viewform\" class=\"elementor-button-link elementor-button elementor-size-md\" role=\"button\">\n\t\t\t\t\t\t<span class=\"elementor-button-content-wrapper\">\n\t\t\t\t\t\t<span class=\"elementor-button-text\">FORMULARIO DE RECEPCION DE RES\u00daMENES<\/span>\n\t\t<\/span>\n\t\t\t\t\t<\/a>\n\t\t<\/div>\n\t\t\t\t<\/div>\n\t\t\t\t<\/div>\n\t\t\t\t<div class=\"elementor-element elementor-element-ad8a1d0 elementor-widget-divider--view-line elementor-widget elementor-widget-divider\" data-id=\"ad8a1d0\" data-element_type=\"widget\" data-widget_type=\"divider.default\">\n\t\t\t\t<div class=\"elementor-widget-container\">\n\t\t\t\t\t<div class=\"elementor-divider\">\n\t\t\t<span class=\"elementor-divider-separator\">\n\t\t\t\t\t\t<\/span>\n\t\t<\/div>\n\t\t\t\t<\/div>\n\t\t\t\t<\/div>\n\t\t\t\t<div class=\"elementor-element elementor-element-85d03e8 elementor-widget elementor-widget-spacer\" data-id=\"85d03e8\" data-element_type=\"widget\" data-widget_type=\"spacer.default\">\n\t\t\t\t<div class=\"elementor-widget-container\">\n\t\t\t\t\t<div class=\"elementor-spacer\">\n\t\t\t<div class=\"elementor-spacer-inner\"><\/div>\n\t\t<\/div>\n\t\t\t\t<\/div>\n\t\t\t\t<\/div>\n\t\t\t\t<div class=\"elementor-element elementor-element-c805a1e elementor-widget elementor-widget-text-editor\" data-id=\"c805a1e\" data-element_type=\"widget\" data-widget_type=\"text-editor.default\">\n\t\t\t\t<div class=\"elementor-widget-container\">\n\t\t\t\t\t\t\t\t<h4><span style=\"color: #800080;\">* RECEPCI\u00d3N DE RES\u00daMENES HASTA EL VIERNES 7 DE AGOSTO DE 2026*<\/span><\/h4>\t\t\t\t\t\t<\/div>\n\t\t\t\t<\/div>\n\t\t\t\t\t<\/div>\n\t\t<\/div>\n\t\t\t\t\t\t\t<\/div>\n\t\t<\/section>\n\t\t\t\t\t\t<\/div>\n\t\t\t\t\t<\/div>\n\t\t","protected":false},"excerpt":{"rendered":"<p>Normas de Presentaci\u00f3n de Res\u00famenes 6tas Jornadas en Investigaci\u00f3n en Ciencias Econ\u00f3micasFacultad de Ciencias Econ\u00f3micas, Jur\u00eddicas y Sociales \u00a0Normas de Presentaci\u00f3n del Resumen (v\u00e1lido para Ponencias o P\u00f3sters) Primer Rengl\u00f3n T\u00edtulo del Trabajo (hasta dos renglones). Arial 14 ptos., negrita y centrado. Segundo Rengl\u00f3n Apellido y nombre de autores, m\u00e1ximo 3 (tres). Arial 11ptos., centrado. &hellip;<\/p>\n<p class=\"read-more\"> <a class=\"\" href=\"https:\/\/economicas.unsa.edu.ar\/si\/?page_id=4256\"> <span class=\"screen-reader-text\">Res\u00famenes 2026<\/span> Leer m\u00e1s &raquo;<\/a><\/p>\n","protected":false},"author":2,"featured_media":0,"parent":0,"menu_order":0,"comment_status":"closed","ping_status":"closed","template":"","meta":{"footnotes":""},"class_list":["post-4256","page","type-page","status-publish","hentry"],"_links":{"self":[{"href":"https:\/\/economicas.unsa.edu.ar\/si\/index.php?rest_route=\/wp\/v2\/pages\/4256","targetHints":{"allow":["GET"]}}],"collection":[{"href":"https:\/\/economicas.unsa.edu.ar\/si\/index.php?rest_route=\/wp\/v2\/pages"}],"about":[{"href":"https:\/\/economicas.unsa.edu.ar\/si\/index.php?rest_route=\/wp\/v2\/types\/page"}],"author":[{"embeddable":true,"href":"https:\/\/economicas.unsa.edu.ar\/si\/index.php?rest_route=\/wp\/v2\/users\/2"}],"replies":[{"embeddable":true,"href":"https:\/\/economicas.unsa.edu.ar\/si\/index.php?rest_route=%2Fwp%2Fv2%2Fcomments&post=4256"}],"version-history":[{"count":40,"href":"https:\/\/economicas.unsa.edu.ar\/si\/index.php?rest_route=\/wp\/v2\/pages\/4256\/revisions"}],"predecessor-version":[{"id":5132,"href":"https:\/\/economicas.unsa.edu.ar\/si\/index.php?rest_route=\/wp\/v2\/pages\/4256\/revisions\/5132"}],"wp:attachment":[{"href":"https:\/\/economicas.unsa.edu.ar\/si\/index.php?rest_route=%2Fwp%2Fv2%2Fmedia&parent=4256"}],"curies":[{"name":"wp","href":"https:\/\/api.w.org\/{rel}","templated":true}]}}