{"id":4371,"date":"2025-08-07T09:46:40","date_gmt":"2025-08-07T12:46:40","guid":{"rendered":"https:\/\/economicas.unsa.edu.ar\/si\/?page_id=4371"},"modified":"2026-04-30T11:41:20","modified_gmt":"2026-04-30T14:41:20","slug":"poster-2","status":"publish","type":"page","link":"https:\/\/economicas.unsa.edu.ar\/si\/?page_id=4371","title":{"rendered":"P\u00f3ster 2026"},"content":{"rendered":"\t\t<div data-elementor-type=\"wp-page\" data-elementor-id=\"4371\" class=\"elementor elementor-4371\" data-elementor-settings=\"[]\">\n\t\t\t\t\t\t\t<div class=\"elementor-section-wrap\">\n\t\t\t\t\t\t\t<section class=\"elementor-section elementor-top-section elementor-element elementor-element-2bbf31e elementor-section-boxed elementor-section-height-default elementor-section-height-default\" data-id=\"2bbf31e\" data-element_type=\"section\">\n\t\t\t\t\t\t<div class=\"elementor-container elementor-column-gap-default\">\n\t\t\t\t\t<div class=\"elementor-column elementor-col-100 elementor-top-column elementor-element elementor-element-244c6e6\" data-id=\"244c6e6\" data-element_type=\"column\">\n\t\t\t<div class=\"elementor-widget-wrap elementor-element-populated\">\n\t\t\t\t\t\t\t\t<div class=\"elementor-element elementor-element-af6cb51 elementor-widget elementor-widget-heading\" data-id=\"af6cb51\" data-element_type=\"widget\" data-widget_type=\"heading.default\">\n\t\t\t\t<div class=\"elementor-widget-container\">\n\t\t\t<h2 class=\"elementor-heading-title elementor-size-default\"><b>Normas de Presentaci\u00f3n de P\u00f3ster<\/b><\/h2>\t\t<\/div>\n\t\t\t\t<\/div>\n\t\t\t\t\t<\/div>\n\t\t<\/div>\n\t\t\t\t\t\t\t<\/div>\n\t\t<\/section>\n\t\t\t\t<section class=\"elementor-section elementor-top-section elementor-element elementor-element-550825e elementor-section-boxed elementor-section-height-default elementor-section-height-default\" data-id=\"550825e\" data-element_type=\"section\">\n\t\t\t\t\t\t<div class=\"elementor-container elementor-column-gap-default\">\n\t\t\t\t\t<div class=\"elementor-column elementor-col-50 elementor-top-column elementor-element elementor-element-1ed22a4\" data-id=\"1ed22a4\" data-element_type=\"column\">\n\t\t\t<div class=\"elementor-widget-wrap elementor-element-populated\">\n\t\t\t\t\t\t\t\t<div class=\"elementor-element elementor-element-d8e7e8c elementor-widget elementor-widget-text-editor\" data-id=\"d8e7e8c\" data-element_type=\"widget\" data-widget_type=\"text-editor.default\">\n\t\t\t\t<div class=\"elementor-widget-container\">\n\t\t\t\t\t\t\t\t<p style=\"text-align: center;\"><strong><sup><span style=\"font-size: 15px;\">6<\/span>tas<\/sup> Jornadas en Investigaci\u00f3n en Ciencias Econ\u00f3micas<\/strong><br \/><strong>Facultad de Ciencias Econ\u00f3micas, Jur\u00eddicas y Sociales<\/strong><\/p><p style=\"text-align: center;\"><strong>Formato de Presentaci\u00f3n de P\u00f3sters\u00a0<\/strong><\/p><p style=\"text-align: justify;\">El poster es un compendio informativo que en pocas l\u00edneas debe enunciar objetivos y metodolog\u00eda que facilitan la interpretaci\u00f3n del trabajo realizado. El proceso y los resultados deben visualizarse en toda una red conceptual, y estar acompa\u00f1ados de fotos, gr\u00e1ficos y cuadros que den cuenta del aporte del trabajo al conocimiento.<\/p><p>El p\u00f3ster debe ser confeccionado en PDF en tama\u00f1o 110 cm de ancho por 70 cm de alto.<\/p><p><strong>Estructura P\u00f3ster<br \/><\/strong><\/p><ul><li>T\u00edtulo: breve y espec\u00edfico.<\/li><li>Autores: deben incluirse nombre completo del autor o autores m\u00e1ximo 3 (tres), correo electr\u00f3nico y pertenencia institucional.<\/li><li>Objetivo, marco te\u00f3rico, metodolog\u00eda y resultados (esperados o encontrados)<\/li><li>Palabras Claves: Incluya hasta 3 (tres) palabras que ayuden a identificar el tema tratado.<\/li><li>Fuentes bibliogr\u00e1ficas de autores mencionados en el Poster.<\/li><\/ul>\t\t\t\t\t\t<\/div>\n\t\t\t\t<\/div>\n\t\t\t\t\t<\/div>\n\t\t<\/div>\n\t\t\t\t<div class=\"elementor-column elementor-col-50 elementor-top-column elementor-element elementor-element-49fd6c0\" data-id=\"49fd6c0\" data-element_type=\"column\">\n\t\t\t<div class=\"elementor-widget-wrap elementor-element-populated\">\n\t\t\t\t\t\t\t\t<div class=\"elementor-element elementor-element-fc17f44 elementor-widget elementor-widget-text-editor\" data-id=\"fc17f44\" data-element_type=\"widget\" data-widget_type=\"text-editor.default\">\n\t\t\t\t<div class=\"elementor-widget-container\">\n\t\t\t\t\t\t\t\t<h4 style=\"text-align: center;\"><strong><span style=\"color: #800080;\">RECEPCI\u00d3N DE P\u00d3STER<\/span><\/strong><\/h4>\t\t\t\t\t\t<\/div>\n\t\t\t\t<\/div>\n\t\t\t\t<div class=\"elementor-element elementor-element-5c1218e elementor-widget elementor-widget-spacer\" data-id=\"5c1218e\" data-element_type=\"widget\" data-widget_type=\"spacer.default\">\n\t\t\t\t<div class=\"elementor-widget-container\">\n\t\t\t\t\t<div class=\"elementor-spacer\">\n\t\t\t<div class=\"elementor-spacer-inner\"><\/div>\n\t\t<\/div>\n\t\t\t\t<\/div>\n\t\t\t\t<\/div>\n\t\t\t\t<div class=\"elementor-element elementor-element-d69280c elementor-widget-divider--view-line elementor-widget elementor-widget-divider\" data-id=\"d69280c\" data-element_type=\"widget\" data-widget_type=\"divider.default\">\n\t\t\t\t<div class=\"elementor-widget-container\">\n\t\t\t\t\t<div class=\"elementor-divider\">\n\t\t\t<span class=\"elementor-divider-separator\">\n\t\t\t\t\t\t<\/span>\n\t\t<\/div>\n\t\t\t\t<\/div>\n\t\t\t\t<\/div>\n\t\t\t\t<div class=\"elementor-element elementor-element-6a17660 elementor-align-center elementor-widget elementor-widget-button\" data-id=\"6a17660\" data-element_type=\"widget\" data-widget_type=\"button.default\">\n\t\t\t\t<div class=\"elementor-widget-container\">\n\t\t\t\t\t<div class=\"elementor-button-wrapper\">\n\t\t\t<a href=\"https:\/\/docs.google.com\/forms\/d\/e\/1FAIpQLSej_NDBMjgO2SDMsSPXG6Nxmej1kUd6mFWsBNunuyluPTMUcA\/viewform\" class=\"elementor-button-link elementor-button elementor-size-md\" role=\"button\">\n\t\t\t\t\t\t<span class=\"elementor-button-content-wrapper\">\n\t\t\t\t\t\t<span class=\"elementor-button-text\">FORMULARIO DE RECEPCI\u00d3N DE P\u00d3STER<\/span>\n\t\t<\/span>\n\t\t\t\t\t<\/a>\n\t\t<\/div>\n\t\t\t\t<\/div>\n\t\t\t\t<\/div>\n\t\t\t\t<div class=\"elementor-element elementor-element-9b1d552 elementor-widget-divider--view-line elementor-widget elementor-widget-divider\" data-id=\"9b1d552\" data-element_type=\"widget\" data-widget_type=\"divider.default\">\n\t\t\t\t<div class=\"elementor-widget-container\">\n\t\t\t\t\t<div class=\"elementor-divider\">\n\t\t\t<span class=\"elementor-divider-separator\">\n\t\t\t\t\t\t<\/span>\n\t\t<\/div>\n\t\t\t\t<\/div>\n\t\t\t\t<\/div>\n\t\t\t\t<div class=\"elementor-element elementor-element-4864b89 elementor-widget elementor-widget-spacer\" data-id=\"4864b89\" data-element_type=\"widget\" data-widget_type=\"spacer.default\">\n\t\t\t\t<div class=\"elementor-widget-container\">\n\t\t\t\t\t<div class=\"elementor-spacer\">\n\t\t\t<div class=\"elementor-spacer-inner\"><\/div>\n\t\t<\/div>\n\t\t\t\t<\/div>\n\t\t\t\t<\/div>\n\t\t\t\t<div class=\"elementor-element elementor-element-eab33d4 elementor-widget elementor-widget-text-editor\" data-id=\"eab33d4\" data-element_type=\"widget\" data-widget_type=\"text-editor.default\">\n\t\t\t\t<div class=\"elementor-widget-container\">\n\t\t\t\t\t\t\t\t<h4 style=\"text-align: center;\"><span style=\"color: #800080;\">*RECEPCI\u00d3N DE TRABAJOS HASTA\u00a0<\/span>\u00a0<span style=\"color: #800080; font-size: 1.33333rem; font-weight: inherit; font-family: var( --e-global-typography-text-font-family ), Sans-serif;\">EL VIERNES 11 DE SEPTIEMBRE DE 2026<\/span>*<\/h4>\t\t\t\t\t\t<\/div>\n\t\t\t\t<\/div>\n\t\t\t\t\t<\/div>\n\t\t<\/div>\n\t\t\t\t\t\t\t<\/div>\n\t\t<\/section>\n\t\t\t\t\t\t<\/div>\n\t\t\t\t\t<\/div>\n\t\t","protected":false},"excerpt":{"rendered":"<p>Normas de Presentaci\u00f3n de P\u00f3ster 6tas Jornadas en Investigaci\u00f3n en Ciencias Econ\u00f3micasFacultad de Ciencias Econ\u00f3micas, Jur\u00eddicas y Sociales Formato de Presentaci\u00f3n de P\u00f3sters\u00a0 El poster es un compendio informativo que en pocas l\u00edneas debe enunciar objetivos y metodolog\u00eda que facilitan la interpretaci\u00f3n del trabajo realizado. El proceso y los resultados deben visualizarse en toda una &hellip;<\/p>\n<p class=\"read-more\"> <a class=\"\" href=\"https:\/\/economicas.unsa.edu.ar\/si\/?page_id=4371\"> <span class=\"screen-reader-text\">P\u00f3ster 2026<\/span> Leer m\u00e1s &raquo;<\/a><\/p>\n","protected":false},"author":2,"featured_media":0,"parent":0,"menu_order":0,"comment_status":"closed","ping_status":"closed","template":"","meta":{"footnotes":""},"class_list":["post-4371","page","type-page","status-publish","hentry"],"_links":{"self":[{"href":"https:\/\/economicas.unsa.edu.ar\/si\/index.php?rest_route=\/wp\/v2\/pages\/4371","targetHints":{"allow":["GET"]}}],"collection":[{"href":"https:\/\/economicas.unsa.edu.ar\/si\/index.php?rest_route=\/wp\/v2\/pages"}],"about":[{"href":"https:\/\/economicas.unsa.edu.ar\/si\/index.php?rest_route=\/wp\/v2\/types\/page"}],"author":[{"embeddable":true,"href":"https:\/\/economicas.unsa.edu.ar\/si\/index.php?rest_route=\/wp\/v2\/users\/2"}],"replies":[{"embeddable":true,"href":"https:\/\/economicas.unsa.edu.ar\/si\/index.php?rest_route=%2Fwp%2Fv2%2Fcomments&post=4371"}],"version-history":[{"count":26,"href":"https:\/\/economicas.unsa.edu.ar\/si\/index.php?rest_route=\/wp\/v2\/pages\/4371\/revisions"}],"predecessor-version":[{"id":5138,"href":"https:\/\/economicas.unsa.edu.ar\/si\/index.php?rest_route=\/wp\/v2\/pages\/4371\/revisions\/5138"}],"wp:attachment":[{"href":"https:\/\/economicas.unsa.edu.ar\/si\/index.php?rest_route=%2Fwp%2Fv2%2Fmedia&parent=4371"}],"curies":[{"name":"wp","href":"https:\/\/api.w.org\/{rel}","templated":true}]}}