{"id":4547,"date":"2025-08-11T09:15:40","date_gmt":"2025-08-11T12:15:40","guid":{"rendered":"https:\/\/economicas.unsa.edu.ar\/si\/?page_id=4547"},"modified":"2025-08-11T09:16:24","modified_gmt":"2025-08-11T12:16:24","slug":"primera-circular-xii-encuentro-de-innovacion-en-la-ensenanza-de-las-ciencias-economicas-y-del-ix-encuentro-con-la-red-de-facultades-de-ciencias-economicas-del-norte-grande","status":"publish","type":"page","link":"https:\/\/economicas.unsa.edu.ar\/si\/?page_id=4547","title":{"rendered":"Primera Circular &#8211; XII Encuentro de Innovaci\u00f3n en la Ense\u00f1anza de las Ciencias Econ\u00f3micas y del IX Encuentro con la RED de Facultades de Ciencias Econ\u00f3micas del Norte Grande"},"content":{"rendered":"\t\t<div data-elementor-type=\"wp-page\" data-elementor-id=\"4547\" class=\"elementor elementor-4547\" data-elementor-settings=\"[]\">\n\t\t\t\t\t\t\t<div class=\"elementor-section-wrap\">\n\t\t\t\t\t\t\t<section class=\"elementor-section elementor-top-section elementor-element elementor-element-cc387aa elementor-section-boxed elementor-section-height-default elementor-section-height-default\" data-id=\"cc387aa\" data-element_type=\"section\">\n\t\t\t\t\t\t<div class=\"elementor-container elementor-column-gap-default\">\n\t\t\t\t\t<div class=\"elementor-column elementor-col-100 elementor-top-column elementor-element elementor-element-8e25326\" data-id=\"8e25326\" data-element_type=\"column\">\n\t\t\t<div class=\"elementor-widget-wrap elementor-element-populated\">\n\t\t\t\t\t\t\t\t<div class=\"elementor-element elementor-element-2ac99ed elementor-widget elementor-widget-heading\" data-id=\"2ac99ed\" data-element_type=\"widget\" data-widget_type=\"heading.default\">\n\t\t\t\t<div class=\"elementor-widget-container\">\n\t\t\t<h2 class=\"elementor-heading-title elementor-size-default\">Primera Circular: XII Encuentro de Innovaci\u00f3n en la Ense\u00f1anza de las Ciencias - Econ\u00f3micas y del IX Encuentro con la RED de Facultades de Ciencias Econ\u00f3micas del Norte Grande<\/h2>\t\t<\/div>\n\t\t\t\t<\/div>\n\t\t\t\t\t<\/div>\n\t\t<\/div>\n\t\t\t\t\t\t\t<\/div>\n\t\t<\/section>\n\t\t\t\t<section class=\"elementor-section elementor-top-section elementor-element elementor-element-f403c4a elementor-section-boxed elementor-section-height-default elementor-section-height-default\" data-id=\"f403c4a\" data-element_type=\"section\">\n\t\t\t\t\t\t<div class=\"elementor-container elementor-column-gap-default\">\n\t\t\t\t\t<div class=\"elementor-column elementor-col-100 elementor-top-column elementor-element elementor-element-a3bd0af\" data-id=\"a3bd0af\" data-element_type=\"column\">\n\t\t\t<div class=\"elementor-widget-wrap\">\n\t\t\t\t\t\t\t\t\t<\/div>\n\t\t<\/div>\n\t\t\t\t\t\t\t<\/div>\n\t\t<\/section>\n\t\t\t\t<section class=\"elementor-section elementor-top-section elementor-element elementor-element-7285374 elementor-section-boxed elementor-section-height-default elementor-section-height-default\" data-id=\"7285374\" data-element_type=\"section\">\n\t\t\t\t\t\t<div class=\"elementor-container elementor-column-gap-default\">\n\t\t\t\t\t<div class=\"elementor-column elementor-col-100 elementor-top-column elementor-element elementor-element-644f67a\" data-id=\"644f67a\" data-element_type=\"column\">\n\t\t\t<div class=\"elementor-widget-wrap elementor-element-populated\">\n\t\t\t\t\t\t\t\t<div class=\"elementor-element elementor-element-66b4f54 elementor-widget elementor-widget-text-editor\" data-id=\"66b4f54\" data-element_type=\"widget\" data-widget_type=\"text-editor.default\">\n\t\t\t\t<div class=\"elementor-widget-container\">\n\t\t\t\t\t\t\t\t<p>Puede acceder a las circular presione el siguiente enlace:<\/p><ul><li><a href=\"https:\/\/economicas.unsa.edu.ar\/web\/archivos\/secInvExt\/jices\/CIRCULAR-1-Encuentro-Innovacion.pdf\"><strong>Primera Circular &#8211; XII Encuentro de Innovaci\u00f3n en la Ense\u00f1anza de las Ciencias &#8211; Econ\u00f3micas y del IX Encuentro con la RED de Facultades de Ciencias Econ\u00f3micas del Norte Grande<\/strong><\/a><\/li><\/ul>\t\t\t\t\t\t<\/div>\n\t\t\t\t<\/div>\n\t\t\t\t\t<\/div>\n\t\t<\/div>\n\t\t\t\t\t\t\t<\/div>\n\t\t<\/section>\n\t\t\t\t\t\t<\/div>\n\t\t\t\t\t<\/div>\n\t\t","protected":false},"excerpt":{"rendered":"<p>Primera Circular: XII Encuentro de Innovaci\u00f3n en la Ense\u00f1anza de las Ciencias &#8211; Econ\u00f3micas y del IX Encuentro con la RED de Facultades de Ciencias Econ\u00f3micas del Norte Grande Puede acceder a las circular presione el siguiente enlace: Primera Circular &#8211; XII Encuentro de Innovaci\u00f3n en la Ense\u00f1anza de las Ciencias &#8211; Econ\u00f3micas y del &hellip;<\/p>\n<p class=\"read-more\"> <a class=\"\" href=\"https:\/\/economicas.unsa.edu.ar\/si\/?page_id=4547\"> <span class=\"screen-reader-text\">Primera Circular &#8211; XII Encuentro de Innovaci\u00f3n en la Ense\u00f1anza de las Ciencias Econ\u00f3micas y del IX Encuentro con la RED de Facultades de Ciencias Econ\u00f3micas del Norte Grande<\/span> Leer m\u00e1s &raquo;<\/a><\/p>\n","protected":false},"author":2,"featured_media":0,"parent":0,"menu_order":0,"comment_status":"closed","ping_status":"closed","template":"","meta":{"footnotes":""},"class_list":["post-4547","page","type-page","status-publish","hentry"],"_links":{"self":[{"href":"https:\/\/economicas.unsa.edu.ar\/si\/index.php?rest_route=\/wp\/v2\/pages\/4547","targetHints":{"allow":["GET"]}}],"collection":[{"href":"https:\/\/economicas.unsa.edu.ar\/si\/index.php?rest_route=\/wp\/v2\/pages"}],"about":[{"href":"https:\/\/economicas.unsa.edu.ar\/si\/index.php?rest_route=\/wp\/v2\/types\/page"}],"author":[{"embeddable":true,"href":"https:\/\/economicas.unsa.edu.ar\/si\/index.php?rest_route=\/wp\/v2\/users\/2"}],"replies":[{"embeddable":true,"href":"https:\/\/economicas.unsa.edu.ar\/si\/index.php?rest_route=%2Fwp%2Fv2%2Fcomments&post=4547"}],"version-history":[{"count":7,"href":"https:\/\/economicas.unsa.edu.ar\/si\/index.php?rest_route=\/wp\/v2\/pages\/4547\/revisions"}],"predecessor-version":[{"id":4554,"href":"https:\/\/economicas.unsa.edu.ar\/si\/index.php?rest_route=\/wp\/v2\/pages\/4547\/revisions\/4554"}],"wp:attachment":[{"href":"https:\/\/economicas.unsa.edu.ar\/si\/index.php?rest_route=%2Fwp%2Fv2%2Fmedia&parent=4547"}],"curies":[{"name":"wp","href":"https:\/\/api.w.org\/{rel}","templated":true}]}}