{"id":4996,"date":"2026-04-10T11:10:44","date_gmt":"2026-04-10T14:10:44","guid":{"rendered":"https:\/\/economicas.unsa.edu.ar\/si\/?page_id=4996"},"modified":"2026-04-10T16:41:13","modified_gmt":"2026-04-10T19:41:13","slug":"conferencistas-edicion-2026","status":"publish","type":"page","link":"https:\/\/economicas.unsa.edu.ar\/si\/?page_id=4996","title":{"rendered":"Conferencistas &#8211; Edici\u00f3n 2026"},"content":{"rendered":"\t\t<div data-elementor-type=\"wp-page\" data-elementor-id=\"4996\" class=\"elementor elementor-4996\" data-elementor-settings=\"[]\">\n\t\t\t\t\t\t\t<div class=\"elementor-section-wrap\">\n\t\t\t\t\t\t\t<section class=\"elementor-section elementor-top-section elementor-element elementor-element-37792f1 elementor-section-boxed elementor-section-height-default elementor-section-height-default\" data-id=\"37792f1\" data-element_type=\"section\">\n\t\t\t\t\t\t<div class=\"elementor-container elementor-column-gap-default\">\n\t\t\t\t\t<div class=\"elementor-column elementor-col-100 elementor-top-column elementor-element elementor-element-a9101b7\" data-id=\"a9101b7\" data-element_type=\"column\">\n\t\t\t<div class=\"elementor-widget-wrap elementor-element-populated\">\n\t\t\t\t\t\t\t\t<div class=\"elementor-element elementor-element-d530949 elementor-widget elementor-widget-heading\" data-id=\"d530949\" data-element_type=\"widget\" data-widget_type=\"heading.default\">\n\t\t\t\t<div class=\"elementor-widget-container\">\n\t\t\t<h2 class=\"elementor-heading-title elementor-size-default\"><b>Conferencistas - Edici\u00f3n 2026<\/b><\/h2>\t\t<\/div>\n\t\t\t\t<\/div>\n\t\t\t\t\t<\/div>\n\t\t<\/div>\n\t\t\t\t\t\t\t<\/div>\n\t\t<\/section>\n\t\t\t\t<section class=\"elementor-section elementor-top-section elementor-element elementor-element-f3e4c1b elementor-section-boxed elementor-section-height-default elementor-section-height-default\" data-id=\"f3e4c1b\" data-element_type=\"section\">\n\t\t\t\t\t\t<div class=\"elementor-container elementor-column-gap-default\">\n\t\t\t\t\t<div class=\"elementor-column elementor-col-50 elementor-top-column elementor-element elementor-element-f9fb183\" data-id=\"f9fb183\" data-element_type=\"column\">\n\t\t\t<div class=\"elementor-widget-wrap elementor-element-populated\">\n\t\t\t\t\t\t\t\t<div class=\"elementor-element elementor-element-be6e276 elementor-widget elementor-widget-image\" data-id=\"be6e276\" data-element_type=\"widget\" data-widget_type=\"image.default\">\n\t\t\t\t<div class=\"elementor-widget-container\">\n\t\t\t\t\t\t\t\t\t\t\t\t\t\t\t<img decoding=\"async\" src=\"https:\/\/economicas.unsa.edu.ar\/web\/archivos\/secInvExt\/jices\/2026\/2026-04-10-conferencista-jices-2026-01.jpeg\" title=\"\" alt=\"\" \/>\t\t\t\t\t\t\t\t\t\t\t\t\t\t\t<\/div>\n\t\t\t\t<\/div>\n\t\t\t\t<div class=\"elementor-element elementor-element-cccf2f1 elementor-widget elementor-widget-spacer\" data-id=\"cccf2f1\" data-element_type=\"widget\" data-widget_type=\"spacer.default\">\n\t\t\t\t<div class=\"elementor-widget-container\">\n\t\t\t\t\t<div class=\"elementor-spacer\">\n\t\t\t<div class=\"elementor-spacer-inner\"><\/div>\n\t\t<\/div>\n\t\t\t\t<\/div>\n\t\t\t\t<\/div>\n\t\t\t\t<div class=\"elementor-element elementor-element-88bfdbf elementor-widget elementor-widget-text-editor\" data-id=\"88bfdbf\" data-element_type=\"widget\" data-widget_type=\"text-editor.default\">\n\t\t\t\t<div class=\"elementor-widget-container\">\n\t\t\t\t\t\t\t\t<p style=\"text-align: center; margin: 0cm 0cm 8.0pt 0cm;\" align=\"center\"><i><span style=\"font-family: Arial, sans-serif;\"><b>Conferencia: \u201cInteligencia Artificial en las organizaciones: de la automatizaci\u00f3n a la toma de decisiones estrat\u00e9gicas\u201d\u00a0<\/b><\/span><\/i><\/p><p style=\"text-align: center; margin: 0cm 0cm 8.0pt 0cm;\" align=\"center\"><b style=\"font-style: inherit; font-family: var( --e-global-typography-text-font-family ), Sans-serif; color: #9d3483; font-size: 1.33333rem;\"><span lang=\"ES\" style=\"font-family: 'Arial', sans-serif;\">ROSANA HADAD SALOM\u00d3N\u00a0<\/span><\/b><\/p>\t\t\t\t\t\t<\/div>\n\t\t\t\t<\/div>\n\t\t\t\t<div class=\"elementor-element elementor-element-3e3b4af elementor-widget elementor-widget-text-editor\" data-id=\"3e3b4af\" data-element_type=\"widget\" data-widget_type=\"text-editor.default\">\n\t\t\t\t<div class=\"elementor-widget-container\">\n\t\t\t\t\t\t\t\t<p>Ingeniera en Sistemas de Informaci\u00f3n por la Universidad Tecnol\u00f3gica Nacional (UTN), Especialista en Ingenier\u00eda de Sistemas de Informaci\u00f3n y Profesora en Disciplinas Industriales. Se desempe\u00f1a como Profesora Titular concursada en la UTN \u2013 Facultad Regional Tucum\u00e1n, con m\u00e1s de dos d\u00e9cadas de trayectoria en docencia universitaria, formaci\u00f3n de grado y desarrollo de capacidades en tecnolog\u00edas emergentes.<\/p><p>Es directora del Grupo de Investigaci\u00f3n en Inteligencia Tecnol\u00f3gica para Negocios e Industria (GIITNI), desde donde lidera l\u00edneas de investigaci\u00f3n vinculadas a inteligencia artificial, an\u00e1lisis de datos, vigilancia tecnol\u00f3gica y sistemas de informaci\u00f3n aplicados al \u00e1mbito productivo, educativo y organizacional. Ha dirigido y codirigido proyectos de investigaci\u00f3n acreditados, orientados al desarrollo de modelos de an\u00e1lisis de informaci\u00f3n, entornos virtuales de aprendizaje y tecnolog\u00edas para la toma de decisiones.<\/p><p>Cuenta con experiencia en evaluaci\u00f3n cient\u00edfica y t\u00e9cnica, participando como evaluadora en congresos nacionales e internacionales y en comit\u00e9s acad\u00e9micos vinculados a ingenier\u00eda, educaci\u00f3n y tecnolog\u00edas de la informaci\u00f3n. Asimismo, ha contribuido a la formaci\u00f3n de investigadores, becarios y tesistas, promoviendo la articulaci\u00f3n entre investigaci\u00f3n aplicada, innovaci\u00f3n y transferencia de conocimiento.<\/p><p>En el \u00e1mbito de la gesti\u00f3n acad\u00e9mica, se desempe\u00f1\u00f3 como Secretaria de Transformaci\u00f3n Digital en la UTN-FRT, liderando procesos de modernizaci\u00f3n institucional reconocidos con premios nacionales a la calidad. Actualmente es Directora del Instituto Superior de Educaci\u00f3n Tecnol\u00f3gica (ISET), donde impulsa la integraci\u00f3n de la investigaci\u00f3n, la docencia y la vinculaci\u00f3n con el medio.<\/p><p>Participa activamente como conferencista y autora en temas de inteligencia artificial, educaci\u00f3n y transformaci\u00f3n digital, promoviendo una mirada cr\u00edtica, \u00e9tica y aplicada de la tecnolog\u00eda en la sociedad.<br \/><br \/>Invitaci\u00f3n de Rosana Hadad Salom\u00f3n a las JICES 2026: <strong><a href=\"https:\/\/www.instagram.com\/reels\/DWmiNRbjwGJ\/\">Video &#8211; Invitaci\u00f3n<\/a><\/strong><\/p><p>\u00a0<\/p>\t\t\t\t\t\t<\/div>\n\t\t\t\t<\/div>\n\t\t\t\t\t<\/div>\n\t\t<\/div>\n\t\t\t\t<div class=\"elementor-column elementor-col-50 elementor-top-column elementor-element elementor-element-e58386a\" data-id=\"e58386a\" data-element_type=\"column\">\n\t\t\t<div class=\"elementor-widget-wrap\">\n\t\t\t\t\t\t\t\t\t<\/div>\n\t\t<\/div>\n\t\t\t\t\t\t\t<\/div>\n\t\t<\/section>\n\t\t\t\t\t\t<\/div>\n\t\t\t\t\t<\/div>\n\t\t","protected":false},"excerpt":{"rendered":"<p>Conferencistas &#8211; Edici\u00f3n 2026 Conferencia: \u201cInteligencia Artificial en las organizaciones: de la automatizaci\u00f3n a la toma de decisiones estrat\u00e9gicas\u201d\u00a0 ROSANA HADAD SALOM\u00d3N\u00a0 Ingeniera en Sistemas de Informaci\u00f3n por la Universidad Tecnol\u00f3gica Nacional (UTN), Especialista en Ingenier\u00eda de Sistemas de Informaci\u00f3n y Profesora en Disciplinas Industriales. Se desempe\u00f1a como Profesora Titular concursada en la UTN \u2013 &hellip;<\/p>\n<p class=\"read-more\"> <a class=\"\" href=\"https:\/\/economicas.unsa.edu.ar\/si\/?page_id=4996\"> <span class=\"screen-reader-text\">Conferencistas &#8211; Edici\u00f3n 2026<\/span> Leer m\u00e1s &raquo;<\/a><\/p>\n","protected":false},"author":2,"featured_media":0,"parent":0,"menu_order":0,"comment_status":"closed","ping_status":"closed","template":"","meta":{"footnotes":""},"class_list":["post-4996","page","type-page","status-publish","hentry"],"_links":{"self":[{"href":"https:\/\/economicas.unsa.edu.ar\/si\/index.php?rest_route=\/wp\/v2\/pages\/4996","targetHints":{"allow":["GET"]}}],"collection":[{"href":"https:\/\/economicas.unsa.edu.ar\/si\/index.php?rest_route=\/wp\/v2\/pages"}],"about":[{"href":"https:\/\/economicas.unsa.edu.ar\/si\/index.php?rest_route=\/wp\/v2\/types\/page"}],"author":[{"embeddable":true,"href":"https:\/\/economicas.unsa.edu.ar\/si\/index.php?rest_route=\/wp\/v2\/users\/2"}],"replies":[{"embeddable":true,"href":"https:\/\/economicas.unsa.edu.ar\/si\/index.php?rest_route=%2Fwp%2Fv2%2Fcomments&post=4996"}],"version-history":[{"count":40,"href":"https:\/\/economicas.unsa.edu.ar\/si\/index.php?rest_route=\/wp\/v2\/pages\/4996\/revisions"}],"predecessor-version":[{"id":5037,"href":"https:\/\/economicas.unsa.edu.ar\/si\/index.php?rest_route=\/wp\/v2\/pages\/4996\/revisions\/5037"}],"wp:attachment":[{"href":"https:\/\/economicas.unsa.edu.ar\/si\/index.php?rest_route=%2Fwp%2Fv2%2Fmedia&parent=4996"}],"curies":[{"name":"wp","href":"https:\/\/api.w.org\/{rel}","templated":true}]}}