{"id":87,"date":"2021-08-05T02:17:47","date_gmt":"2021-08-05T05:17:47","guid":{"rendered":"https:\/\/economicas.unsa.edu.ar\/si\/?page_id=87"},"modified":"2026-04-30T11:42:14","modified_gmt":"2026-04-30T14:42:14","slug":"home","status":"publish","type":"page","link":"https:\/\/economicas.unsa.edu.ar\/si\/","title":{"rendered":"Home"},"content":{"rendered":"\t\t<div data-elementor-type=\"wp-page\" data-elementor-id=\"87\" class=\"elementor elementor-87\" data-elementor-settings=\"[]\">\n\t\t\t\t\t\t\t<div class=\"elementor-section-wrap\">\n\t\t\t\t\t\t\t<section class=\"elementor-section elementor-top-section elementor-element elementor-element-966fe20 elementor-section-boxed elementor-section-height-default elementor-section-height-default\" data-id=\"966fe20\" data-element_type=\"section\">\n\t\t\t\t\t\t<div class=\"elementor-container elementor-column-gap-default\">\n\t\t\t\t\t<div class=\"elementor-column elementor-col-100 elementor-top-column elementor-element elementor-element-fda7afa\" data-id=\"fda7afa\" data-element_type=\"column\">\n\t\t\t<div class=\"elementor-widget-wrap elementor-element-populated\">\n\t\t\t\t\t\t\t\t<section class=\"elementor-section elementor-inner-section elementor-element elementor-element-8f97f4d elementor-section-boxed elementor-section-height-default elementor-section-height-default\" data-id=\"8f97f4d\" data-element_type=\"section\">\n\t\t\t\t\t\t<div class=\"elementor-container elementor-column-gap-default\">\n\t\t\t\t\t<div class=\"elementor-column elementor-col-33 elementor-inner-column elementor-element elementor-element-7c779be\" data-id=\"7c779be\" data-element_type=\"column\">\n\t\t\t<div class=\"elementor-widget-wrap elementor-element-populated\">\n\t\t\t\t\t\t\t\t<div class=\"elementor-element elementor-element-39aa531 elementor-widget elementor-widget-button\" data-id=\"39aa531\" data-element_type=\"widget\" data-widget_type=\"button.default\">\n\t\t\t\t<div class=\"elementor-widget-container\">\n\t\t\t\t\t<div class=\"elementor-button-wrapper\">\n\t\t\t<a href=\"https:\/\/docs.google.com\/forms\/d\/e\/1FAIpQLSdJmZTDqC5jd05_3qGZEBVBhbSJtkZn7otOSZRttQ05UKDZuw\/viewform?pli=1\" class=\"elementor-button-link elementor-button elementor-size-sm\" role=\"button\">\n\t\t\t\t\t\t<span class=\"elementor-button-content-wrapper\">\n\t\t\t\t\t\t<span class=\"elementor-button-text\">1. INSCRIPCIONES - JICES 2026<\/span>\n\t\t<\/span>\n\t\t\t\t\t<\/a>\n\t\t<\/div>\n\t\t\t\t<\/div>\n\t\t\t\t<\/div>\n\t\t\t\t\t<\/div>\n\t\t<\/div>\n\t\t\t\t<div class=\"elementor-column elementor-col-33 elementor-inner-column elementor-element elementor-element-1c91ffd\" data-id=\"1c91ffd\" data-element_type=\"column\">\n\t\t\t<div class=\"elementor-widget-wrap elementor-element-populated\">\n\t\t\t\t\t\t\t\t<div class=\"elementor-element elementor-element-82545d3 elementor-widget elementor-widget-button\" data-id=\"82545d3\" data-element_type=\"widget\" data-widget_type=\"button.default\">\n\t\t\t\t<div class=\"elementor-widget-container\">\n\t\t\t\t\t<div class=\"elementor-button-wrapper\">\n\t\t\t<a href=\"https:\/\/docs.google.com\/forms\/d\/e\/1FAIpQLSej_NDBMjgO2SDMsSPXG6Nxmej1kUd6mFWsBNunuyluPTMUcA\/viewform\" class=\"elementor-button-link elementor-button elementor-size-sm\" role=\"button\">\n\t\t\t\t\t\t<span class=\"elementor-button-content-wrapper\">\n\t\t\t\t\t\t<span class=\"elementor-button-text\">2. PRESENTACI\u00d3N DE RESUMEN<\/span>\n\t\t<\/span>\n\t\t\t\t\t<\/a>\n\t\t<\/div>\n\t\t\t\t<\/div>\n\t\t\t\t<\/div>\n\t\t\t\t\t<\/div>\n\t\t<\/div>\n\t\t\t\t<div class=\"elementor-column elementor-col-33 elementor-inner-column elementor-element elementor-element-76de6c7\" data-id=\"76de6c7\" data-element_type=\"column\">\n\t\t\t<div class=\"elementor-widget-wrap elementor-element-populated\">\n\t\t\t\t\t\t\t\t<div class=\"elementor-element elementor-element-d0c142d elementor-widget elementor-widget-button\" data-id=\"d0c142d\" data-element_type=\"widget\" data-widget_type=\"button.default\">\n\t\t\t\t<div class=\"elementor-widget-container\">\n\t\t\t\t\t<div class=\"elementor-button-wrapper\">\n\t\t\t<a href=\"https:\/\/docs.google.com\/forms\/d\/e\/1FAIpQLSej_NDBMjgO2SDMsSPXG6Nxmej1kUd6mFWsBNunuyluPTMUcA\/viewform\" class=\"elementor-button-link elementor-button elementor-size-sm\" role=\"button\">\n\t\t\t\t\t\t<span class=\"elementor-button-content-wrapper\">\n\t\t\t\t\t\t<span class=\"elementor-button-text\">3. PRESENTACI\u00d3N DE TRABAJO COMPLETO<\/span>\n\t\t<\/span>\n\t\t\t\t\t<\/a>\n\t\t<\/div>\n\t\t\t\t<\/div>\n\t\t\t\t<\/div>\n\t\t\t\t\t<\/div>\n\t\t<\/div>\n\t\t\t\t\t\t\t<\/div>\n\t\t<\/section>\n\t\t\t\t<section class=\"elementor-section elementor-inner-section elementor-element elementor-element-6096721 elementor-section-boxed elementor-section-height-default elementor-section-height-default\" data-id=\"6096721\" data-element_type=\"section\">\n\t\t\t\t\t\t<div class=\"elementor-container elementor-column-gap-default\">\n\t\t\t\t\t<div class=\"elementor-column elementor-col-50 elementor-inner-column elementor-element elementor-element-696361e\" data-id=\"696361e\" data-element_type=\"column\">\n\t\t\t<div class=\"elementor-widget-wrap elementor-element-populated\">\n\t\t\t\t\t\t\t\t<div class=\"elementor-element elementor-element-1da1442 elementor-align-center elementor-widget elementor-widget-button\" data-id=\"1da1442\" data-element_type=\"widget\" data-widget_type=\"button.default\">\n\t\t\t\t<div class=\"elementor-widget-container\">\n\t\t\t\t\t<div class=\"elementor-button-wrapper\">\n\t\t\t<a href=\"#\" class=\"elementor-button-link elementor-button elementor-size-lg\" role=\"button\">\n\t\t\t\t\t\t<span class=\"elementor-button-content-wrapper\">\n\t\t\t\t\t\t<span class=\"elementor-button-text\">CRONOGRAMA GENERAL - JICES 2026<\/span>\n\t\t<\/span>\n\t\t\t\t\t<\/a>\n\t\t<\/div>\n\t\t\t\t<\/div>\n\t\t\t\t<\/div>\n\t\t\t\t\t<\/div>\n\t\t<\/div>\n\t\t\t\t<div class=\"elementor-column elementor-col-50 elementor-inner-column elementor-element elementor-element-dce0ff5\" data-id=\"dce0ff5\" data-element_type=\"column\">\n\t\t\t<div class=\"elementor-widget-wrap elementor-element-populated\">\n\t\t\t\t\t\t\t\t<div class=\"elementor-element elementor-element-c4ea8c0 elementor-align-center elementor-widget elementor-widget-button\" data-id=\"c4ea8c0\" data-element_type=\"widget\" data-widget_type=\"button.default\">\n\t\t\t\t<div class=\"elementor-widget-container\">\n\t\t\t\t\t<div class=\"elementor-button-wrapper\">\n\t\t\t<a href=\"#\" class=\"elementor-button-link elementor-button elementor-size-lg\" role=\"button\">\n\t\t\t\t\t\t<span class=\"elementor-button-content-wrapper\">\n\t\t\t\t\t\t<span class=\"elementor-button-text\">CRONOGRAMA DE EXPOSICIONES - JICES 2026<\/span>\n\t\t<\/span>\n\t\t\t\t\t<\/a>\n\t\t<\/div>\n\t\t\t\t<\/div>\n\t\t\t\t<\/div>\n\t\t\t\t\t<\/div>\n\t\t<\/div>\n\t\t\t\t\t\t\t<\/div>\n\t\t<\/section>\n\t\t\t\t\t<\/div>\n\t\t<\/div>\n\t\t\t\t\t\t\t<\/div>\n\t\t<\/section>\n\t\t\t\t<section class=\"elementor-section elementor-top-section elementor-element elementor-element-a1bdd0d elementor-section-boxed elementor-section-height-default elementor-section-height-default\" data-id=\"a1bdd0d\" data-element_type=\"section\">\n\t\t\t\t\t\t<div class=\"elementor-container elementor-column-gap-default\">\n\t\t\t\t\t<div class=\"elementor-column elementor-col-100 elementor-top-column elementor-element elementor-element-0257ec2\" data-id=\"0257ec2\" data-element_type=\"column\">\n\t\t\t<div class=\"elementor-widget-wrap\">\n\t\t\t\t\t\t\t\t\t<\/div>\n\t\t<\/div>\n\t\t\t\t\t\t\t<\/div>\n\t\t<\/section>\n\t\t\t\t<section class=\"elementor-section elementor-top-section elementor-element elementor-element-56a349d elementor-section-boxed elementor-section-height-default elementor-section-height-default\" data-id=\"56a349d\" data-element_type=\"section\">\n\t\t\t\t\t\t<div class=\"elementor-container elementor-column-gap-default\">\n\t\t\t\t\t<div class=\"elementor-column elementor-col-50 elementor-top-column elementor-element elementor-element-d998d47\" data-id=\"d998d47\" data-element_type=\"column\">\n\t\t\t<div class=\"elementor-widget-wrap elementor-element-populated\">\n\t\t\t\t\t\t\t\t<div class=\"elementor-element elementor-element-cdbc5bc elementor-widget elementor-widget-image\" data-id=\"cdbc5bc\" data-element_type=\"widget\" data-widget_type=\"image.default\">\n\t\t\t\t<div class=\"elementor-widget-container\">\n\t\t\t\t\t\t\t\t\t\t\t\t\t\t\t<img decoding=\"async\" src=\"https:\/\/economicas.unsa.edu.ar\/web\/archivos\/secInvExt\/jices\/2026\/2026-04-24-jices-2026-flyer.png\" title=\"\" alt=\"\" \/>\t\t\t\t\t\t\t\t\t\t\t\t\t\t\t<\/div>\n\t\t\t\t<\/div>\n\t\t\t\t\t<\/div>\n\t\t<\/div>\n\t\t\t\t<div class=\"elementor-column elementor-col-50 elementor-top-column elementor-element elementor-element-f05356f\" data-id=\"f05356f\" data-element_type=\"column\">\n\t\t\t<div class=\"elementor-widget-wrap elementor-element-populated\">\n\t\t\t\t\t\t\t\t<div class=\"elementor-element elementor-element-4f97ccc elementor-widget elementor-widget-text-editor\" data-id=\"4f97ccc\" data-element_type=\"widget\" data-widget_type=\"text-editor.default\">\n\t\t\t\t<div class=\"elementor-widget-container\">\n\t\t\t\t\t\t\t\t<p style=\"text-align: center;\"><strong><span lang=\"ES-AR\">6ta Edici\u00f3n de las Jornadas de Investigaci\u00f3n en Ciencias Econ\u00f3micas, Jur\u00eddicas y Sociales<\/span><\/strong><\/p><p><span lang=\"ES-AR\"><br \/>Los d\u00edas<strong> 22 y 23 del mes de octubre de 2026<\/strong>, se llevar\u00e1n a cabo en la\u00a0ciudad de Salta la\u00a0<strong>6t<\/strong><strong>a\u00a0Edici\u00f3n de las Jornadas de Investigaci\u00f3n en Ciencias Econ\u00f3micas, Jur\u00eddicas y\u00a0Sociales<\/strong>, organizadas por la Facultad de Ciencias Econ\u00f3micas,\u00a0Jur\u00eddicas y Sociales de la Universidad Nacional de Salta. El evento contar\u00e1 con\u00a0los siguientes ejes tem\u00e1ticos:<\/span><\/p><p><span lang=\"ES-AR\">\u25cf\u00a0<strong>Contabilidad<\/strong><\/span><span lang=\"ES-AR\"><br \/><strong>\u25cf Auditor\u00eda<\/strong><br \/><strong>\u25cf\u00a0Impuestos<\/strong><br \/><strong>\u25cf\u00a0Administraci\u00f3n<\/strong><br \/><strong>\u25cf Econom\u00eda<\/strong><br \/><strong>\u25cf Derecho<\/strong><br \/>\u25cf<strong>Tem\u00e1ticas\u00a0Transversales a las Cs. Econ\u00f3micas<\/strong>\u00a0(Educaci\u00f3n,\u00a0Responsabilidad Social, Actuaci\u00f3n Judicial, Historia, etc\u00e9tera).<\/span><\/p><p><span lang=\"ES-AR\">Puede acceder a la Resoluci\u00f3n, haciendo click en Resoluci\u00f3n: <a href=\"https:\/\/bo.unsa.edu.ar\/cdeco\/R2026\/R-CDECO-2026-0062.pdf\">R-CDECO-2026-0062<\/a>.<\/span><\/p><p>\u00a0<\/p>\t\t\t\t\t\t<\/div>\n\t\t\t\t<\/div>\n\t\t\t\t\t<\/div>\n\t\t<\/div>\n\t\t\t\t\t\t\t<\/div>\n\t\t<\/section>\n\t\t\t\t<section class=\"elementor-section elementor-top-section elementor-element elementor-element-daf3ac3 elementor-section-boxed elementor-section-height-default elementor-section-height-default\" data-id=\"daf3ac3\" data-element_type=\"section\">\n\t\t\t\t\t\t<div class=\"elementor-container elementor-column-gap-default\">\n\t\t\t\t\t<div class=\"elementor-column elementor-col-100 elementor-top-column elementor-element elementor-element-9bcd261\" data-id=\"9bcd261\" data-element_type=\"column\">\n\t\t\t<div class=\"elementor-widget-wrap elementor-element-populated\">\n\t\t\t\t\t\t\t\t<div class=\"elementor-element elementor-element-8172952 elementor-widget-mobile__width-auto elementor-countdown--label-block elementor-widget elementor-widget-countdown\" data-id=\"8172952\" data-element_type=\"widget\" data-widget_type=\"countdown.default\">\n\t\t\t\t<div class=\"elementor-widget-container\">\n\t\t\t\t\t<div data-expire-actions=\"[{&quot;type&quot;:&quot;hide&quot;}]\" class=\"elementor-countdown-wrapper\" data-date=\"1761274740\">\n\t\t\t<div class=\"elementor-countdown-item\"><span class=\"elementor-countdown-digits elementor-countdown-days\"><\/span> <span class=\"elementor-countdown-label\">D\u00edas<\/span><\/div><div class=\"elementor-countdown-item\"><span class=\"elementor-countdown-digits elementor-countdown-hours\"><\/span> <span class=\"elementor-countdown-label\">Horas<\/span><\/div><div class=\"elementor-countdown-item\"><span class=\"elementor-countdown-digits elementor-countdown-minutes\"><\/span> <span class=\"elementor-countdown-label\">Minutos<\/span><\/div><div class=\"elementor-countdown-item\"><span class=\"elementor-countdown-digits elementor-countdown-seconds\"><\/span> <span class=\"elementor-countdown-label\">Segundos<\/span><\/div>\t\t<\/div>\n\t\t\t\t<\/div>\n\t\t\t\t<\/div>\n\t\t\t\t\t<\/div>\n\t\t<\/div>\n\t\t\t\t\t\t\t<\/div>\n\t\t<\/section>\n\t\t\t\t<section class=\"elementor-section elementor-top-section elementor-element elementor-element-3b057e5 elementor-section-boxed elementor-section-height-default elementor-section-height-default\" data-id=\"3b057e5\" data-element_type=\"section\">\n\t\t\t\t\t\t<div class=\"elementor-container elementor-column-gap-default\">\n\t\t\t\t\t<div class=\"elementor-column elementor-col-100 elementor-top-column elementor-element elementor-element-ed2a48a\" data-id=\"ed2a48a\" data-element_type=\"column\">\n\t\t\t<div class=\"elementor-widget-wrap elementor-element-populated\">\n\t\t\t\t\t\t\t\t<div class=\"elementor-element elementor-element-549f770 elementor-widget elementor-widget-spacer\" data-id=\"549f770\" data-element_type=\"widget\" data-widget_type=\"spacer.default\">\n\t\t\t\t<div class=\"elementor-widget-container\">\n\t\t\t\t\t<div class=\"elementor-spacer\">\n\t\t\t<div class=\"elementor-spacer-inner\"><\/div>\n\t\t<\/div>\n\t\t\t\t<\/div>\n\t\t\t\t<\/div>\n\t\t\t\t\t<\/div>\n\t\t<\/div>\n\t\t\t\t\t\t\t<\/div>\n\t\t<\/section>\n\t\t\t\t<section class=\"elementor-section elementor-top-section elementor-element elementor-element-eeae82e elementor-section-boxed elementor-section-height-default elementor-section-height-default\" data-id=\"eeae82e\" data-element_type=\"section\">\n\t\t\t\t\t\t<div class=\"elementor-container elementor-column-gap-default\">\n\t\t\t\t\t<div class=\"elementor-column elementor-col-100 elementor-top-column elementor-element elementor-element-7ba809f\" data-id=\"7ba809f\" data-element_type=\"column\">\n\t\t\t<div class=\"elementor-widget-wrap elementor-element-populated\">\n\t\t\t\t\t\t\t\t<div class=\"elementor-element elementor-element-3bc378f elementor-widget elementor-widget-heading\" data-id=\"3bc378f\" data-element_type=\"widget\" data-widget_type=\"heading.default\">\n\t\t\t\t<div class=\"elementor-widget-container\">\n\t\t\t<h2 class=\"elementor-heading-title elementor-size-default\">Noticias y Novedades<\/h2>\t\t<\/div>\n\t\t\t\t<\/div>\n\t\t\t\t\t<\/div>\n\t\t<\/div>\n\t\t\t\t\t\t\t<\/div>\n\t\t<\/section>\n\t\t\t\t<section class=\"elementor-section elementor-top-section elementor-element elementor-element-084f5c3 elementor-section-boxed elementor-section-height-default elementor-section-height-default\" data-id=\"084f5c3\" data-element_type=\"section\">\n\t\t\t\t\t\t<div class=\"elementor-container elementor-column-gap-default\">\n\t\t\t\t\t<div class=\"elementor-column elementor-col-100 elementor-top-column elementor-element elementor-element-49f4f06\" data-id=\"49f4f06\" data-element_type=\"column\">\n\t\t\t<div class=\"elementor-widget-wrap elementor-element-populated\">\n\t\t\t\t\t\t\t\t<div class=\"elementor-element elementor-element-9ab16fd elementor-grid-3 elementor-grid-tablet-2 elementor-grid-mobile-1 elementor-posts--thumbnail-top elementor-posts--show-avatar elementor-card-shadow-yes elementor-posts__hover-gradient elementor-widget elementor-widget-posts\" data-id=\"9ab16fd\" data-element_type=\"widget\" data-settings=\"{&quot;cards_columns&quot;:&quot;3&quot;,&quot;cards_columns_tablet&quot;:&quot;2&quot;,&quot;cards_columns_mobile&quot;:&quot;1&quot;,&quot;cards_row_gap&quot;:{&quot;unit&quot;:&quot;px&quot;,&quot;size&quot;:35,&quot;sizes&quot;:[]}}\" data-widget_type=\"posts.cards\">\n\t\t\t\t<div class=\"elementor-widget-container\">\n\t\t\t\t\t<div class=\"elementor-posts-container elementor-posts elementor-posts--skin-cards elementor-grid\">\n\t\t\t\t<article class=\"elementor-post elementor-grid-item post-3592 page type-page status-publish hentry\">\n\t\t\t<div class=\"elementor-post__card\">\n\t\t\t\t<div class=\"elementor-post__text\">\n\t\t\t\t<h3 class=\"elementor-post__title\">\n\t\t\t<a href=\"https:\/\/economicas.unsa.edu.ar\/si\/?page_id=3592\" >\n\t\t\t\tPrimera Circular &#8211; JICES 2025\t\t\t<\/a>\n\t\t<\/h3>\n\t\t\t\t<div class=\"elementor-post__excerpt\">\n\t\t\t<p>Primera Circular: JICES 2025 Puede acceder a la circular presionando el siguiente enlace: Primera Circular &#8211; JICES 2025<\/p>\n\t\t<\/div>\n\t\t\t\t\t<a class=\"elementor-post__read-more\" href=\"https:\/\/economicas.unsa.edu.ar\/si\/?page_id=3592\" >\n\t\t\t\tVer\t\t\t<\/a>\n\t\t\t\t<\/div>\n\t\t\t\t\t<\/div>\n\t\t<\/article>\n\t\t\t\t<article class=\"elementor-post elementor-grid-item post-4547 page type-page status-publish hentry\">\n\t\t\t<div class=\"elementor-post__card\">\n\t\t\t\t<div class=\"elementor-post__text\">\n\t\t\t\t<h3 class=\"elementor-post__title\">\n\t\t\t<a href=\"https:\/\/economicas.unsa.edu.ar\/si\/?page_id=4547\" >\n\t\t\t\tPrimera Circular &#8211; XII Encuentro de Innovaci\u00f3n en la Ense\u00f1anza de las Ciencias Econ\u00f3micas y del IX Encuentro con la RED de Facultades de Ciencias Econ\u00f3micas del Norte Grande\t\t\t<\/a>\n\t\t<\/h3>\n\t\t\t\t<div class=\"elementor-post__excerpt\">\n\t\t\t<p>Primera Circular: XII Encuentro de Innovaci\u00f3n en la Ense\u00f1anza de las Ciencias &#8211; Econ\u00f3micas y del IX Encuentro con la RED de Facultades de Ciencias<\/p>\n\t\t<\/div>\n\t\t\t\t\t<a class=\"elementor-post__read-more\" href=\"https:\/\/economicas.unsa.edu.ar\/si\/?page_id=4547\" >\n\t\t\t\tVer\t\t\t<\/a>\n\t\t\t\t<\/div>\n\t\t\t\t\t<\/div>\n\t\t<\/article>\n\t\t\t\t<article class=\"elementor-post elementor-grid-item post-4583 page type-page status-publish hentry\">\n\t\t\t<div class=\"elementor-post__card\">\n\t\t\t\t<div class=\"elementor-post__text\">\n\t\t\t\t<h3 class=\"elementor-post__title\">\n\t\t\t<a href=\"https:\/\/economicas.unsa.edu.ar\/si\/?page_id=4583\" >\n\t\t\t\tVIDEO INSTRUCTIVO: C\u00d3MO DISE\u00d1AR Y PRESENTAR UN P\u00d3STER CIENT\u00cdFICO\t\t\t<\/a>\n\t\t<\/h3>\n\t\t\t\t<div class=\"elementor-post__excerpt\">\n\t\t\t<p>VIDEO INSTRUCTIVO: C\u00d3MO DISE\u00d1AR Y PRESENTAR UN P\u00d3STER CIENT\u00cdFICO Puede acceder al video instructivo haciendo click en la siguiente imagen:<\/p>\n\t\t<\/div>\n\t\t\t\t\t<a class=\"elementor-post__read-more\" href=\"https:\/\/economicas.unsa.edu.ar\/si\/?page_id=4583\" >\n\t\t\t\tVer\t\t\t<\/a>\n\t\t\t\t<\/div>\n\t\t\t\t\t<\/div>\n\t\t<\/article>\n\t\t\t\t<\/div>\n\t\t\t\t<\/div>\n\t\t\t\t<\/div>\n\t\t\t\t<div class=\"elementor-element elementor-element-ff938b7 elementor--h-position-center elementor--v-position-middle elementor-arrows-position-inside elementor-pagination-position-inside elementor-widget elementor-widget-slides\" data-id=\"ff938b7\" data-element_type=\"widget\" data-settings=\"{&quot;navigation&quot;:&quot;both&quot;,&quot;autoplay&quot;:&quot;yes&quot;,&quot;pause_on_hover&quot;:&quot;yes&quot;,&quot;pause_on_interaction&quot;:&quot;yes&quot;,&quot;autoplay_speed&quot;:5000,&quot;infinite&quot;:&quot;yes&quot;,&quot;transition&quot;:&quot;slide&quot;,&quot;transition_speed&quot;:500}\" data-widget_type=\"slides.default\">\n\t\t\t\t<div class=\"elementor-widget-container\">\n\t\t\t\t\t<div class=\"elementor-swiper\">\n\t\t\t<div class=\"elementor-slides-wrapper elementor-main-swiper swiper-container\" dir=\"ltr\" data-animation=\"fadeInUp\">\n\t\t\t\t<div class=\"swiper-wrapper elementor-slides\">\n\t\t\t\t\t<div class=\"elementor-repeater-item-bb4a94f swiper-slide\"><div class=\"swiper-slide-bg elementor-ken-burns elementor-ken-burns--in\"><\/div><div class=\"elementor-background-overlay\"><\/div><a class=\"swiper-slide-inner\" href=\"https:\/\/economicas.unsa.edu.ar\/si\/?page_id=3592\"><div class=\"swiper-slide-contents\"><div class=\"elementor-slide-heading\">PRIMERA CIRCULAR<\/div><div  class=\"elementor-button elementor-slide-button elementor-size-sm\">Ver Circular<\/div><\/div><\/a><\/div><div class=\"elementor-repeater-item-cb63086 swiper-slide\"><div class=\"swiper-slide-bg elementor-ken-burns elementor-ken-burns--in\"><\/div><div class=\"elementor-background-overlay\"><\/div><a class=\"swiper-slide-inner\" href=\"#\"><div class=\"swiper-slide-contents\"><div class=\"elementor-slide-heading\">PREMIOS <\/div><div  class=\"elementor-button elementor-slide-button elementor-size-sm\">Ver m\u00e1s<\/div><\/div><\/a><\/div><div class=\"elementor-repeater-item-ddb4184 swiper-slide\"><div class=\"swiper-slide-bg elementor-ken-burns elementor-ken-burns--in\"><\/div><div class=\"elementor-background-overlay\"><\/div><a class=\"swiper-slide-inner\" href=\"https:\/\/economicas.unsa.edu.ar\/si\/?page_id=4256\"><div class=\"swiper-slide-contents\"><div class=\"elementor-slide-heading\">RES\u00daMENES<\/div><div class=\"elementor-slide-description\">FECHAS DE PRESENTACI\u00d3N<\/div><div  class=\"elementor-button elementor-slide-button elementor-size-sm\">Ver fechas<\/div><\/div><\/a><\/div><div class=\"elementor-repeater-item-04ca95c swiper-slide\"><div class=\"swiper-slide-bg elementor-ken-burns elementor-ken-burns--in\"><\/div><div class=\"elementor-background-overlay\"><\/div><a class=\"swiper-slide-inner\" href=\"http:\/\/bo.unsa.edu.ar\/cdeco\/R2024\/R-CDECO-2024-0072.pdf\"><div class=\"swiper-slide-contents\"><div class=\"elementor-slide-heading\">NORMAS DE PRESENTACI\u00d3N<\/div><div  class=\"elementor-button elementor-slide-button elementor-size-sm\">Ver Normas<\/div><\/div><\/a><\/div><div class=\"elementor-repeater-item-4063073 swiper-slide\"><div class=\"swiper-slide-bg elementor-ken-burns elementor-ken-burns--in\"><\/div><div class=\"elementor-background-overlay\"><\/div><a class=\"swiper-slide-inner\" href=\"https:\/\/economicas.unsa.edu.ar\/si\/?page_id=4296\"><div class=\"swiper-slide-contents\"><div class=\"elementor-slide-heading\"> PONENCIAS<\/div><div class=\"elementor-slide-description\">FECHAS DE PRESENTACI\u00d3N<\/div><div  class=\"elementor-button elementor-slide-button elementor-size-sm\">Ver Fechas<\/div><\/div><\/a><\/div><div class=\"elementor-repeater-item-43f3286 swiper-slide\"><div class=\"swiper-slide-bg elementor-ken-burns elementor-ken-burns--in\"><\/div><div class=\"elementor-background-overlay\"><\/div><a class=\"swiper-slide-inner\" href=\"https:\/\/economicas.unsa.edu.ar\/si\/?page_id=4371\"><div class=\"swiper-slide-contents\"><div class=\"elementor-slide-heading\"> POSTERS<\/div><div class=\"elementor-slide-description\">FECHAS DE PRESENTACI\u00d3N<\/div><div  class=\"elementor-button elementor-slide-button elementor-size-sm\">Ver Fechas<\/div><\/div><\/a><\/div><div class=\"elementor-repeater-item-438e329 swiper-slide\"><div class=\"swiper-slide-bg elementor-ken-burns elementor-ken-burns--in\"><\/div><div class=\"elementor-background-overlay\"><\/div><a class=\"swiper-slide-inner\" href=\"https:\/\/economicas.unsa.edu.ar\/si\/?page_id=4463\"><div class=\"swiper-slide-contents\"><div class=\"elementor-slide-heading\">CONFERENCISTAS<\/div><div class=\"elementor-slide-description\">EDICI\u00d3N 2024<\/div><div  class=\"elementor-button elementor-slide-button elementor-size-sm\">VER M\u00c1S<\/div><\/div><\/a><\/div>\t\t\t\t<\/div>\n\t\t\t\t\t\t\t\t\t\t\t\t\t\t\t<div class=\"swiper-pagination\"><\/div>\n\t\t\t\t\t\t\t\t\t\t\t\t\t\t\t\t<div class=\"elementor-swiper-button elementor-swiper-button-prev\">\n\t\t\t\t\t\t\t<i class=\"eicon-chevron-left\" aria-hidden=\"true\"><\/i>\n\t\t\t\t\t\t\t<span class=\"elementor-screen-only\">Previous<\/span>\n\t\t\t\t\t\t<\/div>\n\t\t\t\t\t\t<div class=\"elementor-swiper-button elementor-swiper-button-next\">\n\t\t\t\t\t\t\t<i class=\"eicon-chevron-right\" aria-hidden=\"true\"><\/i>\n\t\t\t\t\t\t\t<span class=\"elementor-screen-only\">Next<\/span>\n\t\t\t\t\t\t<\/div>\n\t\t\t\t\t\t\t\t\t\t\t\t<\/div>\n\t\t<\/div>\n\t\t\t\t<\/div>\n\t\t\t\t<\/div>\n\t\t\t\t\t<\/div>\n\t\t<\/div>\n\t\t\t\t\t\t\t<\/div>\n\t\t<\/section>\n\t\t\t\t\t\t<\/div>\n\t\t\t\t\t<\/div>\n\t\t","protected":false},"excerpt":{"rendered":"<p>1. INSCRIPCIONES &#8211; JICES 2026 2. PRESENTACI\u00d3N DE RESUMEN 3. PRESENTACI\u00d3N DE TRABAJO COMPLETO CRONOGRAMA GENERAL &#8211; JICES 2026 CRONOGRAMA DE EXPOSICIONES &#8211; JICES 2026 6ta Edici\u00f3n de las Jornadas de Investigaci\u00f3n en Ciencias Econ\u00f3micas, Jur\u00eddicas y Sociales Los d\u00edas 22 y 23 del mes de octubre de 2026, se llevar\u00e1n a cabo en la\u00a0ciudad &hellip;<\/p>\n<p class=\"read-more\"> <a class=\"\" href=\"https:\/\/economicas.unsa.edu.ar\/si\/?page_id=4583\"> <span class=\"screen-reader-text\">VIDEO INSTRUCTIVO: C\u00d3MO DISE\u00d1AR Y PRESENTAR UN P\u00d3STER CIENT\u00cdFICO<\/span> Leer m\u00e1s &raquo;<\/a><\/p>\n","protected":false},"author":2,"featured_media":0,"parent":0,"menu_order":0,"comment_status":"closed","ping_status":"closed","template":"","meta":{"footnotes":""},"class_list":["post-87","page","type-page","status-publish","hentry"],"_links":{"self":[{"href":"https:\/\/economicas.unsa.edu.ar\/si\/index.php?rest_route=\/wp\/v2\/pages\/87","targetHints":{"allow":["GET"]}}],"collection":[{"href":"https:\/\/economicas.unsa.edu.ar\/si\/index.php?rest_route=\/wp\/v2\/pages"}],"about":[{"href":"https:\/\/economicas.unsa.edu.ar\/si\/index.php?rest_route=\/wp\/v2\/types\/page"}],"author":[{"embeddable":true,"href":"https:\/\/economicas.unsa.edu.ar\/si\/index.php?rest_route=\/wp\/v2\/users\/2"}],"replies":[{"embeddable":true,"href":"https:\/\/economicas.unsa.edu.ar\/si\/index.php?rest_route=%2Fwp%2Fv2%2Fcomments&post=87"}],"version-history":[{"count":562,"href":"https:\/\/economicas.unsa.edu.ar\/si\/index.php?rest_route=\/wp\/v2\/pages\/87\/revisions"}],"predecessor-version":[{"id":5147,"href":"https:\/\/economicas.unsa.edu.ar\/si\/index.php?rest_route=\/wp\/v2\/pages\/87\/revisions\/5147"}],"wp:attachment":[{"href":"https:\/\/economicas.unsa.edu.ar\/si\/index.php?rest_route=%2Fwp%2Fv2%2Fmedia&parent=87"}],"curies":[{"name":"wp","href":"https:\/\/api.w.org\/{rel}","templated":true}]}}